{"id":132,"date":"2025-07-12T08:37:11","date_gmt":"2025-07-12T08:37:11","guid":{"rendered":"https:\/\/aguirreabogadosyasesores.com\/?page_id=132"},"modified":"2025-08-20T06:47:09","modified_gmt":"2025-08-20T06:47:09","slug":"walter-aguirre","status":"publish","type":"page","link":"https:\/\/aguirreabogadosyasesores.com\/en\/walter-aguirre\/","title":{"rendered":"Walter Aguirre"},"content":{"rendered":"<div data-elementor-type=\"wp-page\" data-elementor-id=\"132\" class=\"elementor elementor-132\" data-elementor-post-type=\"page\">\n\t\t\t\t<div class=\"elementor-element elementor-element-bf82190 e-flex e-con-boxed e-con e-parent\" data-id=\"bf82190\" data-element_type=\"container\">\n\t\t\t\t\t<div class=\"e-con-inner\">\n\t\t\t\t<div class=\"elementor-element elementor-element-87f17f4 elementor-widget elementor-widget-heading\" data-id=\"87f17f4\" data-element_type=\"widget\" data-widget_type=\"heading.default\">\n\t\t\t\t\t<h2 class=\"elementor-heading-title elementor-size-default\">Professionals<\/h2>\t\t\t\t<\/div>\n\t\t\t\t\t<\/div>\n\t\t\t\t<\/div>\n\t\t<div class=\"elementor-element elementor-element-e58c816 e-flex e-con-boxed e-con e-parent\" data-id=\"e58c816\" data-element_type=\"container\" data-settings=\"{&quot;background_background&quot;:&quot;slideshow&quot;,&quot;background_slideshow_gallery&quot;:[{&quot;id&quot;:232,&quot;url&quot;:&quot;https:\\\/\\\/aguirreabogadosyasesores.com\\\/wp-content\\\/uploads\\\/2025\\\/07\\\/Derecho-Laboral-y-Migratorio_web.jpg&quot;},{&quot;id&quot;:233,&quot;url&quot;:&quot;https:\\\/\\\/aguirreabogadosyasesores.com\\\/wp-content\\\/uploads\\\/2025\\\/07\\\/Derecho-Tributario_web.jpg&quot;},{&quot;id&quot;:238,&quot;url&quot;:&quot;https:\\\/\\\/aguirreabogadosyasesores.com\\\/wp-content\\\/uploads\\\/2025\\\/07\\\/Planificacion-de-Altos-Patrimonios_web.jpg&quot;},{&quot;id&quot;:873,&quot;url&quot;:&quot;https:\\\/\\\/aguirreabogadosyasesores.com\\\/wp-content\\\/uploads\\\/2025\\\/08\\\/PROF-NUEVA.jpg&quot;}],&quot;background_slideshow_slide_duration&quot;:3000,&quot;background_slideshow_slide_transition&quot;:&quot;slide_left&quot;,&quot;background_slideshow_loop&quot;:&quot;yes&quot;,&quot;background_slideshow_transition_duration&quot;:500}\">\n\t\t\t\t\t<div class=\"e-con-inner\">\n\t\t\t\t<div class=\"elementor-element elementor-element-7b1a69b elementor-widget elementor-widget-spacer\" data-id=\"7b1a69b\" data-element_type=\"widget\" data-widget_type=\"spacer.default\">\n\t\t\t\t\t\t\t<div class=\"elementor-spacer\">\n\t\t\t<div class=\"elementor-spacer-inner\"><\/div>\n\t\t<\/div>\n\t\t\t\t\t\t<\/div>\n\t\t\t\t\t<\/div>\n\t\t\t\t<\/div>\n\t\t<div class=\"elementor-element elementor-element-4907116 e-flex e-con-boxed e-con e-parent\" data-id=\"4907116\" data-element_type=\"container\">\n\t\t\t\t\t<div class=\"e-con-inner\">\n\t\t\t\t<div class=\"elementor-element elementor-element-230f55d elementor-widget elementor-widget-spacer\" data-id=\"230f55d\" data-element_type=\"widget\" data-widget_type=\"spacer.default\">\n\t\t\t\t\t\t\t<div class=\"elementor-spacer\">\n\t\t\t<div class=\"elementor-spacer-inner\"><\/div>\n\t\t<\/div>\n\t\t\t\t\t\t<\/div>\n\t\t\t\t\t<\/div>\n\t\t\t\t<\/div>\n\t\t<div class=\"elementor-element elementor-element-476cdd0 e-flex e-con-boxed e-con e-parent\" data-id=\"476cdd0\" data-element_type=\"container\">\n\t\t\t\t\t<div class=\"e-con-inner\">\n\t\t<div class=\"elementor-element elementor-element-34a4afe e-con-full e-flex e-con e-child\" data-id=\"34a4afe\" data-element_type=\"container\">\n\t\t\t\t<div class=\"elementor-element elementor-element-6bfcb2a elementor-widget elementor-widget-image\" data-id=\"6bfcb2a\" data-element_type=\"widget\" data-widget_type=\"image.default\">\n\t\t\t\t\t\t\t\t\t\t\t\t\t\t\t<img fetchpriority=\"high\" decoding=\"async\" width=\"530\" height=\"720\" src=\"https:\/\/aguirreabogadosyasesores.com\/wp-content\/uploads\/2025\/07\/Walter-Aguirre.jpg\" class=\"attachment-full size-full wp-image-249\" alt=\"\" srcset=\"https:\/\/aguirreabogadosyasesores.com\/wp-content\/uploads\/2025\/07\/Walter-Aguirre.jpg 530w, https:\/\/aguirreabogadosyasesores.com\/wp-content\/uploads\/2025\/07\/Walter-Aguirre-221x300.jpg 221w\" sizes=\"(max-width: 530px) 100vw, 530px\" \/>\t\t\t\t\t\t\t\t\t\t\t\t\t\t\t<\/div>\n\t\t\t\t<\/div>\n\t\t<div class=\"elementor-element elementor-element-d8945b5 e-con-full e-flex e-con e-child\" data-id=\"d8945b5\" data-element_type=\"container\">\n\t\t\t\t<div class=\"elementor-element elementor-element-bfff871 elementor-widget elementor-widget-heading\" data-id=\"bfff871\" data-element_type=\"widget\" data-widget_type=\"heading.default\">\n\t\t\t\t\t<h3 class=\"elementor-heading-title elementor-size-default\">Walter Aguirre<\/h3>\t\t\t\t<\/div>\n\t\t\t\t<div class=\"elementor-element elementor-element-6841d47 elementor-widget elementor-widget-text-editor\" data-id=\"6841d47\" data-element_type=\"widget\" data-widget_type=\"text-editor.default\">\n\t\t\t\t\t\t\t\t\t<p>Founding and Managing Partner of Aguirre Abogados y Asesores \u2013 AAA .\nPrior to founding AAA, Mr. Aguirre was the head of the Legal Corporate\nArea of PricewaterhouseCoopers (PwC) \u2013 Peru, and in 2011, he was\nposted in PwC London and PwC Madrid. Mr. Aguirre has more than 30\nyears of experience in Corporate, Civil and Commercial Law, and has\nacted as lead counsel in the largest M&amp;A Transactions in the country,\nincluding major due diligence and corporate structuring.<\/p>\t\t\t\t\t\t\t\t<\/div>\n\t\t\t\t<div class=\"elementor-element elementor-element-1420f79 elementor-widget elementor-widget-text-editor\" data-id=\"1420f79\" data-element_type=\"widget\" data-widget_type=\"text-editor.default\">\n\t\t\t\t\t\t\t\t\t<p class=\"translation-block\">Developing a practice that focuses on corporate transactional business law, he is recognized for his exceptional talent in putting together complex deals, and his acumen when advising clients on strategic business negotiations.<\/p>\t\t\t\t\t\t\t\t<\/div>\n\t\t\t\t<div class=\"elementor-element elementor-element-5e4d4a8 elementor-widget elementor-widget-text-editor\" data-id=\"5e4d4a8\" data-element_type=\"widget\" data-widget_type=\"text-editor.default\">\n\t\t\t\t\t\t\t\t\t<p>He has also participated in major franchising deals carried out in Peru,\nas well as in the Region.<\/p>\t\t\t\t\t\t\t\t<\/div>\n\t\t\t\t<div class=\"elementor-element elementor-element-2253107 elementor-widget elementor-widget-heading\" data-id=\"2253107\" data-element_type=\"widget\" data-widget_type=\"heading.default\">\n\t\t\t\t\t<h4 class=\"elementor-heading-title elementor-size-default\">Education<\/h4>\t\t\t\t<\/div>\n\t\t\t\t<div class=\"elementor-element elementor-element-a38d173 elementor-widget elementor-widget-text-editor\" data-id=\"a38d173\" data-element_type=\"widget\" data-widget_type=\"text-editor.default\">\n\t\t\t\t\t\t\t\t\t<ul><li>Abogado por la Universidad de Lima.<\/li><li>Master of Business Administration (MBA) at \u201cUniversit\u00e9 du Qu\u00e9bec a\nMontreal\u201d, Montreal, Canada.<\/li><li>Master of Laws (LL.M.), Washington College of Law, the American University, Washington DC. E.E.U.U.<\/li><li>Law Degree at the Universidad de Lima, Lima, Peru<\/li><\/ul>\t\t\t\t\t\t\t\t<\/div>\n\t\t\t\t<div class=\"elementor-element elementor-element-6490706 elementor-widget elementor-widget-text-editor\" data-id=\"6490706\" data-element_type=\"widget\" data-widget_type=\"text-editor.default\">\n\t\t\t\t\t\t\t\t\t<p>In addition to his masters, he has studied at Georgetown University in\nWashington D.C. and in several international organizations located in\nEurope, such as the World Trade Organization \u2013 WTO, The International\nChamber of Commerce \u2013 ICC, the European Central Bank - ECB, The\nCourt of Justice of the European Union \u2013 CJEU, among others.<\/p>\t\t\t\t\t\t\t\t<\/div>\n\t\t\t\t<div class=\"elementor-element elementor-element-d4b1cb8 elementor-widget elementor-widget-text-editor\" data-id=\"d4b1cb8\" data-element_type=\"widget\" data-widget_type=\"text-editor.default\">\n\t\t\t\t\t\t\t\t\t<p class=\"translation-block\">He is a member of the Peruvian Bar Association, as well as of the\nInternational Bar Association \u2013 IBA.<\/p>\t\t\t\t\t\t\t\t<\/div>\n\t\t\t\t<div class=\"elementor-element elementor-element-334811e elementor-widget elementor-widget-heading\" data-id=\"334811e\" data-element_type=\"widget\" data-widget_type=\"heading.default\">\n\t\t\t\t\t<h4 class=\"elementor-heading-title elementor-size-default\">Academic<\/h4>\t\t\t\t<\/div>\n\t\t\t\t<div class=\"elementor-element elementor-element-2d7ff17 elementor-hidden-desktop elementor-hidden-tablet elementor-hidden-mobile elementor-widget elementor-widget-heading\" data-id=\"2d7ff17\" data-element_type=\"widget\" data-widget_type=\"heading.default\">\n\t\t\t\t\t<h5 class=\"elementor-heading-title elementor-size-default\">El poder de un sitio web bien dise\u00f1ado\npara bufetes de abogados: c\u00f3mo\nmaximizar el potencial<\/h5>\t\t\t\t<\/div>\n\t\t\t\t<div class=\"elementor-element elementor-element-7dae38b elementor-widget elementor-widget-text-editor\" data-id=\"7dae38b\" data-element_type=\"widget\" data-widget_type=\"text-editor.default\">\n\t\t\t\t\t\t\t\t\t<ul><li>Professor of Corporate Law within the Master in Business Administration (MBA) Program at the Universidad del Pacifico.<\/li><li>Professor of Corporate Law and Mergers and Acquisitions within the Escuela de Postgrado at ESAN \u2013 Graduate School of Business.<\/li><li class=\"translation-block\">He has also published many articles in major business newspapers, law magazines and books related to Corporate Law, and on topics such as mergers and acquisitions, corporate structuring,\nshareholders agreements, franchising, among other issues.<\/li><li>Speaker in several seminars, training and courses in Schools of Law, and national and international organizations, as well as in international events.<\/li><\/ul>\t\t\t\t\t\t\t\t<\/div>\n\t\t\t\t<div class=\"elementor-element elementor-element-22dda6d elementor-widget elementor-widget-heading\" data-id=\"22dda6d\" data-element_type=\"widget\" data-widget_type=\"heading.default\">\n\t\t\t\t\t<h4 class=\"elementor-heading-title elementor-size-default\">Areas of Specialization<\/h4>\t\t\t\t<\/div>\n\t\t\t\t<div class=\"elementor-element elementor-element-60c293d elementor-widget elementor-widget-text-editor\" data-id=\"60c293d\" data-element_type=\"widget\" data-widget_type=\"text-editor.default\">\n\t\t\t\t\t\t\t\t\t<p class=\"translation-block\">Corporate, Mergers and Acquisitions (M&amp;A) and Franchising.<\/p>\t\t\t\t\t\t\t\t<\/div>\n\t\t<div class=\"elementor-element elementor-element-dc12beb e-con-full e-flex e-con e-child\" data-id=\"dc12beb\" data-element_type=\"container\">\n\t\t<div class=\"elementor-element elementor-element-30481fd e-con-full e-flex e-con e-child\" data-id=\"30481fd\" data-element_type=\"container\">\n\t\t<div class=\"elementor-element elementor-element-cecddae e-con-full e-flex e-con e-child\" data-id=\"cecddae\" data-element_type=\"container\">\n\t\t\t\t<div class=\"elementor-element elementor-element-5a824e8 elementor-view-default elementor-widget elementor-widget-icon\" data-id=\"5a824e8\" data-element_type=\"widget\" data-widget_type=\"icon.default\">\n\t\t\t\t\t\t\t<div class=\"elementor-icon-wrapper\">\n\t\t\t<a class=\"elementor-icon\" href=\"https:\/\/www.linkedin.com\/in\/walter-aguirre-11a9a54\/\" target=\"_blank\">\n\t\t\t<svg aria-hidden=\"true\" class=\"e-font-icon-svg e-fab-linkedin-in\" viewbox=\"0 0 448 512\" xmlns=\"http:\/\/www.w3.org\/2000\/svg\"><path d=\"M100.28 448H7.4V148.9h92.88zM53.79 108.1C24.09 108.1 0 83.5 0 53.8a53.79 53.79 0 0 1 107.58 0c0 29.7-24.1 54.3-53.79 54.3zM447.9 448h-92.68V302.4c0-34.7-.7-79.2-48.29-79.2-48.29 0-55.69 37.7-55.69 76.7V448h-92.78V148.9h89.08v40.8h1.3c12.4-23.5 42.69-48.3 87.88-48.3 94 0 111.28 61.9 111.28 142.3V448z\"><\/path><\/svg>\t\t\t<\/a>\n\t\t<\/div>\n\t\t\t\t\t\t<\/div>\n\t\t\t\t<\/div>\n\t\t<div class=\"elementor-element elementor-element-3950ff8 e-con-full e-flex e-con e-child\" data-id=\"3950ff8\" data-element_type=\"container\">\n\t\t\t\t<div class=\"elementor-element elementor-element-8afede0 elementor-widget elementor-widget-heading\" data-id=\"8afede0\" data-element_type=\"widget\" data-widget_type=\"heading.default\">\n\t\t\t\t\t<p class=\"elementor-heading-title elementor-size-default\">walter.aguirre@aguirreabogadosyasesores.com<\/p>\t\t\t\t<\/div>\n\t\t\t\t<\/div>\n\t\t\t\t<\/div>\n\t\t\t\t<\/div>\n\t\t\t\t<\/div>\n\t\t\t\t\t<\/div>\n\t\t\t\t<\/div>\n\t\t\t\t<\/div>","protected":false},"excerpt":{"rendered":"<p>Profesionales Walter Aguirre Socio Fundador de Aguirre Abogados &amp; Asesores \u2013 AAA. Antes de fundar AAA, se desempe\u00f1\u00f3 como l\u00edder del \u00c1rea Legal Corporativa de PricewaterhouseCoopers (PwC) \u2013 Per\u00fa, y en el 2011 fue destacado al \u00c1rea Legal Corporativa de las oficinas de PwC \u2013 Londres y PwC \u2013 Madrid. Cuenta con m\u00e1s de 30 [&hellip;]<\/p>","protected":false},"author":1,"featured_media":0,"parent":0,"menu_order":0,"comment_status":"closed","ping_status":"closed","template":"elementor_header_footer","meta":{"footnotes":""},"class_list":["post-132","page","type-page","status-publish","hentry"],"rttpg_featured_image_url":null,"rttpg_author":{"display_name":"admin","author_link":"https:\/\/aguirreabogadosyasesores.com\/en\/author\/admin_2025\/"},"rttpg_comment":0,"rttpg_category":null,"rttpg_excerpt":"Profesionales Walter Aguirre Socio Fundador de Aguirre Abogados &amp; Asesores \u2013 AAA. Antes de fundar AAA, se desempe\u00f1\u00f3 como l\u00edder del \u00c1rea Legal Corporativa de PricewaterhouseCoopers (PwC) \u2013 Per\u00fa, y en el 2011 fue destacado al \u00c1rea Legal Corporativa de las oficinas de PwC \u2013 Londres y PwC \u2013 Madrid. Cuenta con m\u00e1s de 30&hellip;","_links":{"self":[{"href":"https:\/\/aguirreabogadosyasesores.com\/en\/wp-json\/wp\/v2\/pages\/132","targetHints":{"allow":["GET"]}}],"collection":[{"href":"https:\/\/aguirreabogadosyasesores.com\/en\/wp-json\/wp\/v2\/pages"}],"about":[{"href":"https:\/\/aguirreabogadosyasesores.com\/en\/wp-json\/wp\/v2\/types\/page"}],"author":[{"embeddable":true,"href":"https:\/\/aguirreabogadosyasesores.com\/en\/wp-json\/wp\/v2\/users\/1"}],"replies":[{"embeddable":true,"href":"https:\/\/aguirreabogadosyasesores.com\/en\/wp-json\/wp\/v2\/comments?post=132"}],"version-history":[{"count":0,"href":"https:\/\/aguirreabogadosyasesores.com\/en\/wp-json\/wp\/v2\/pages\/132\/revisions"}],"wp:attachment":[{"href":"https:\/\/aguirreabogadosyasesores.com\/en\/wp-json\/wp\/v2\/media?parent=132"}],"curies":[{"name":"wp","href":"https:\/\/api.w.org\/{rel}","templated":true}]}}