{"id":153,"date":"2025-07-12T08:55:02","date_gmt":"2025-07-12T08:55:02","guid":{"rendered":"https:\/\/aguirreabogadosyasesores.com\/?page_id=153"},"modified":"2025-08-20T06:48:59","modified_gmt":"2025-08-20T06:48:59","slug":"maria-angela-vasquez","status":"publish","type":"page","link":"https:\/\/aguirreabogadosyasesores.com\/en\/maria-angela-vasquez\/","title":{"rendered":"Mar\u00eda Angela V\u00e1squez"},"content":{"rendered":"<div data-elementor-type=\"wp-page\" data-elementor-id=\"153\" class=\"elementor elementor-153\" data-elementor-post-type=\"page\">\n\t\t\t\t<div class=\"elementor-element elementor-element-ac95f0c e-flex e-con-boxed e-con e-parent\" data-id=\"ac95f0c\" data-element_type=\"container\">\n\t\t\t\t\t<div class=\"e-con-inner\">\n\t\t\t\t<div class=\"elementor-element elementor-element-83e27e4 elementor-widget elementor-widget-heading\" data-id=\"83e27e4\" data-element_type=\"widget\" data-widget_type=\"heading.default\">\n\t\t\t\t\t<h2 class=\"elementor-heading-title elementor-size-default\">Professionals<\/h2>\t\t\t\t<\/div>\n\t\t\t\t\t<\/div>\n\t\t\t\t<\/div>\n\t\t<div class=\"elementor-element elementor-element-bcf9551 e-flex e-con-boxed e-con e-parent\" data-id=\"bcf9551\" data-element_type=\"container\" data-settings=\"{&quot;background_background&quot;:&quot;slideshow&quot;,&quot;background_slideshow_gallery&quot;:[{&quot;id&quot;:232,&quot;url&quot;:&quot;https:\\\/\\\/aguirreabogadosyasesores.com\\\/wp-content\\\/uploads\\\/2025\\\/07\\\/Derecho-Laboral-y-Migratorio_web.jpg&quot;},{&quot;id&quot;:233,&quot;url&quot;:&quot;https:\\\/\\\/aguirreabogadosyasesores.com\\\/wp-content\\\/uploads\\\/2025\\\/07\\\/Derecho-Tributario_web.jpg&quot;},{&quot;id&quot;:238,&quot;url&quot;:&quot;https:\\\/\\\/aguirreabogadosyasesores.com\\\/wp-content\\\/uploads\\\/2025\\\/07\\\/Planificacion-de-Altos-Patrimonios_web.jpg&quot;},{&quot;id&quot;:877,&quot;url&quot;:&quot;https:\\\/\\\/aguirreabogadosyasesores.com\\\/wp-content\\\/uploads\\\/2025\\\/08\\\/PROF-NUEVA-1.jpg&quot;}],&quot;background_slideshow_slide_duration&quot;:3000,&quot;background_slideshow_slide_transition&quot;:&quot;slide_left&quot;,&quot;background_slideshow_loop&quot;:&quot;yes&quot;,&quot;background_slideshow_transition_duration&quot;:500}\">\n\t\t\t\t\t<div class=\"e-con-inner\">\n\t\t\t\t<div class=\"elementor-element elementor-element-af2678b elementor-widget elementor-widget-spacer\" data-id=\"af2678b\" data-element_type=\"widget\" data-widget_type=\"spacer.default\">\n\t\t\t\t\t\t\t<div class=\"elementor-spacer\">\n\t\t\t<div class=\"elementor-spacer-inner\"><\/div>\n\t\t<\/div>\n\t\t\t\t\t\t<\/div>\n\t\t\t\t\t<\/div>\n\t\t\t\t<\/div>\n\t\t<div class=\"elementor-element elementor-element-54c713b e-flex e-con-boxed e-con e-parent\" data-id=\"54c713b\" data-element_type=\"container\">\n\t\t\t\t\t<div class=\"e-con-inner\">\n\t\t\t\t<div class=\"elementor-element elementor-element-91f4b4b elementor-widget elementor-widget-spacer\" data-id=\"91f4b4b\" data-element_type=\"widget\" data-widget_type=\"spacer.default\">\n\t\t\t\t\t\t\t<div class=\"elementor-spacer\">\n\t\t\t<div class=\"elementor-spacer-inner\"><\/div>\n\t\t<\/div>\n\t\t\t\t\t\t<\/div>\n\t\t\t\t\t<\/div>\n\t\t\t\t<\/div>\n\t\t<div class=\"elementor-element elementor-element-dee5a4c e-flex e-con-boxed e-con e-parent\" data-id=\"dee5a4c\" data-element_type=\"container\">\n\t\t\t\t\t<div class=\"e-con-inner\">\n\t\t<div class=\"elementor-element elementor-element-0a31a1f e-con-full e-flex e-con e-child\" data-id=\"0a31a1f\" data-element_type=\"container\">\n\t\t\t\t<div class=\"elementor-element elementor-element-fd10fe5 elementor-widget elementor-widget-image\" data-id=\"fd10fe5\" data-element_type=\"widget\" data-widget_type=\"image.default\">\n\t\t\t\t\t\t\t\t\t\t\t\t\t\t\t<img fetchpriority=\"high\" decoding=\"async\" width=\"530\" height=\"720\" src=\"https:\/\/aguirreabogadosyasesores.com\/wp-content\/uploads\/2025\/07\/Maria-Angela.jpg\" class=\"attachment-full size-full wp-image-253\" alt=\"\" srcset=\"https:\/\/aguirreabogadosyasesores.com\/wp-content\/uploads\/2025\/07\/Maria-Angela.jpg 530w, https:\/\/aguirreabogadosyasesores.com\/wp-content\/uploads\/2025\/07\/Maria-Angela-221x300.jpg 221w\" sizes=\"(max-width: 530px) 100vw, 530px\" \/>\t\t\t\t\t\t\t\t\t\t\t\t\t\t\t<\/div>\n\t\t\t\t<\/div>\n\t\t<div class=\"elementor-element elementor-element-fc1fec1 e-con-full e-flex e-con e-child\" data-id=\"fc1fec1\" data-element_type=\"container\">\n\t\t\t\t<div class=\"elementor-element elementor-element-9f78093 elementor-widget elementor-widget-heading\" data-id=\"9f78093\" data-element_type=\"widget\" data-widget_type=\"heading.default\">\n\t\t\t\t\t<h3 class=\"elementor-heading-title elementor-size-default\">Mar\u00eda Angela V\u00e1squez<\/h3>\t\t\t\t<\/div>\n\t\t\t\t<div class=\"elementor-element elementor-element-9378e9e elementor-widget elementor-widget-text-editor\" data-id=\"9378e9e\" data-element_type=\"widget\" data-widget_type=\"text-editor.default\">\n\t\t\t\t\t\t\t\t\t<p class=\"translation-block\">Partner of Aguirre Abogados y Asesores \u2013 AAA, she has more than 16\nyears of experience in Corporate, Civil and Labor Law, advising on\ncorporate reorganizations and acquisition of companies (M&amp;A) (SPA),\nexecution of legal Due Diligence processes. Experience in asset\nprotection structures, wealth management, dissolution and liquidation\nof companies and bankruptcy, judicial and administrative proceedings.\nAdvising international companies and foreign investors who wish to\nexpand their businesses to Peru through the franchise business model,\nparticipating in the preparation and negotiation of franchise,\ndistribution and licensing agreements.<\/p>\t\t\t\t\t\t\t\t<\/div>\n\t\t\t\t<div class=\"elementor-element elementor-element-ae1a234 elementor-widget elementor-widget-text-editor\" data-id=\"ae1a234\" data-element_type=\"widget\" data-widget_type=\"text-editor.default\">\n\t\t\t\t\t\t\t\t\t<p>She also has extensive knowledge of various labor issues such as\nhiring, dismissals, labor intermediation and outsourcing, inspection\nprocedures before SUNAFIL, safety and health at work, sexual and labor\nharassment and in the hiring of foreign workers and obtaining their\nenabling migratory status.<\/p>\t\t\t\t\t\t\t\t<\/div>\n\t\t\t\t<div class=\"elementor-element elementor-element-bbd6670 elementor-widget elementor-widget-text-editor\" data-id=\"bbd6670\" data-element_type=\"widget\" data-widget_type=\"text-editor.default\">\n\t\t\t\t\t\t\t\t\t<p>Additionally, Mrs. V\u00e1squez has extensive practice in civil law carrying\nout real estate remediations, as well as in the evaluation of banking\ncontracts such as leasing, lease back, operating framework\nagreements, mortgage loans, constitution of movable guarantees,\namong others.<\/p>\t\t\t\t\t\t\t\t<\/div>\n\t\t\t\t<div class=\"elementor-element elementor-element-53f8148 elementor-widget elementor-widget-heading\" data-id=\"53f8148\" data-element_type=\"widget\" data-widget_type=\"heading.default\">\n\t\t\t\t\t<h4 class=\"elementor-heading-title elementor-size-default\">Education<\/h4>\t\t\t\t<\/div>\n\t\t\t\t<div class=\"elementor-element elementor-element-a1200c9 elementor-widget elementor-widget-text-editor\" data-id=\"a1200c9\" data-element_type=\"widget\" data-widget_type=\"text-editor.default\">\n\t\t\t\t\t\t\t\t\t<ul><li>Lawyer from the Universidad Cat\u00f3lica de Santa Mar\u00eda.<\/li><li>Master's degree in Business Law from the Universidad Cat\u00f3lica de Santa Mar\u00eda, graduating with the distinction Summa laude.<\/li><li>Specialization in Corporate Law from Universidad ESAN.<\/li><li>Specialization in Administrative Law and Public Administration from the Universidad Nacional de San Agust\u00edn.<\/li><li>Specialization in Labor Legislation from the C\u00e1mara de Comercio de Industrias de Arequipa.<\/li><\/ul>\t\t\t\t\t\t\t\t<\/div>\n\t\t<div class=\"elementor-element elementor-element-608e2f2 e-con-full e-flex e-con e-child\" data-id=\"608e2f2\" data-element_type=\"container\">\n\t\t<div class=\"elementor-element elementor-element-d504222 e-con-full e-flex e-con e-child\" data-id=\"d504222\" data-element_type=\"container\">\n\t\t<div class=\"elementor-element elementor-element-e2fab0a e-con-full e-flex e-con e-child\" data-id=\"e2fab0a\" data-element_type=\"container\">\n\t\t\t\t<div class=\"elementor-element elementor-element-f79b1d8 elementor-view-default elementor-widget elementor-widget-icon\" data-id=\"f79b1d8\" data-element_type=\"widget\" data-widget_type=\"icon.default\">\n\t\t\t\t\t\t\t<div class=\"elementor-icon-wrapper\">\n\t\t\t<a class=\"elementor-icon\" href=\"https:\/\/www.linkedin.com\/in\/maria-angela-v%C3%A1squez-paredes-444b0596\/\" target=\"_blank\">\n\t\t\t<svg aria-hidden=\"true\" class=\"e-font-icon-svg e-fab-linkedin-in\" viewbox=\"0 0 448 512\" xmlns=\"http:\/\/www.w3.org\/2000\/svg\"><path d=\"M100.28 448H7.4V148.9h92.88zM53.79 108.1C24.09 108.1 0 83.5 0 53.8a53.79 53.79 0 0 1 107.58 0c0 29.7-24.1 54.3-53.79 54.3zM447.9 448h-92.68V302.4c0-34.7-.7-79.2-48.29-79.2-48.29 0-55.69 37.7-55.69 76.7V448h-92.78V148.9h89.08v40.8h1.3c12.4-23.5 42.69-48.3 87.88-48.3 94 0 111.28 61.9 111.28 142.3V448z\"><\/path><\/svg>\t\t\t<\/a>\n\t\t<\/div>\n\t\t\t\t\t\t<\/div>\n\t\t\t\t<\/div>\n\t\t<div class=\"elementor-element elementor-element-b5071f4 e-con-full e-flex e-con e-child\" data-id=\"b5071f4\" data-element_type=\"container\">\n\t\t\t\t<div class=\"elementor-element elementor-element-1c1584b elementor-widget elementor-widget-heading\" data-id=\"1c1584b\" data-element_type=\"widget\" data-widget_type=\"heading.default\">\n\t\t\t\t\t<p class=\"elementor-heading-title elementor-size-default\">maria.vasquez@aguirreabogadosyasesores.com<\/p>\t\t\t\t<\/div>\n\t\t\t\t<\/div>\n\t\t\t\t<\/div>\n\t\t\t\t<\/div>\n\t\t\t\t<\/div>\n\t\t\t\t\t<\/div>\n\t\t\t\t<\/div>\n\t\t\t\t<\/div>","protected":false},"excerpt":{"rendered":"<p>Profesionales Mar\u00eda Angela V\u00e1squez Socia de Aguirre Abogados &amp; Asesores \u2013 AAA, cuenta con m\u00e1s de 16 a\u00f1os de experiencia en Derecho Corporativo, Civil y Laboral, asesorando en reorganizaciones societarias y adquisici\u00f3n de empresas (M&amp;A) (SPA), ejecuci\u00f3n de procesos de Due Diligence legales.Experiencia en estructuras de protecci\u00f3n patrimonial, wealth management, disoluci\u00f3n y liquidaci\u00f3n de empresas [&hellip;]<\/p>","protected":false},"author":1,"featured_media":0,"parent":0,"menu_order":0,"comment_status":"closed","ping_status":"closed","template":"elementor_header_footer","meta":{"footnotes":""},"class_list":["post-153","page","type-page","status-publish","hentry"],"rttpg_featured_image_url":null,"rttpg_author":{"display_name":"admin","author_link":"https:\/\/aguirreabogadosyasesores.com\/en\/author\/admin_2025\/"},"rttpg_comment":0,"rttpg_category":null,"rttpg_excerpt":"Profesionales Mar\u00eda Angela V\u00e1squez Socia de Aguirre Abogados &amp; Asesores \u2013 AAA, cuenta con m\u00e1s de 16 a\u00f1os de experiencia en Derecho Corporativo, Civil y Laboral, asesorando en reorganizaciones societarias y adquisici\u00f3n de empresas (M&amp;A) (SPA), ejecuci\u00f3n de procesos de Due Diligence legales.Experiencia en estructuras de protecci\u00f3n patrimonial, wealth management, disoluci\u00f3n y liquidaci\u00f3n de empresas&hellip;","_links":{"self":[{"href":"https:\/\/aguirreabogadosyasesores.com\/en\/wp-json\/wp\/v2\/pages\/153","targetHints":{"allow":["GET"]}}],"collection":[{"href":"https:\/\/aguirreabogadosyasesores.com\/en\/wp-json\/wp\/v2\/pages"}],"about":[{"href":"https:\/\/aguirreabogadosyasesores.com\/en\/wp-json\/wp\/v2\/types\/page"}],"author":[{"embeddable":true,"href":"https:\/\/aguirreabogadosyasesores.com\/en\/wp-json\/wp\/v2\/users\/1"}],"replies":[{"embeddable":true,"href":"https:\/\/aguirreabogadosyasesores.com\/en\/wp-json\/wp\/v2\/comments?post=153"}],"version-history":[{"count":0,"href":"https:\/\/aguirreabogadosyasesores.com\/en\/wp-json\/wp\/v2\/pages\/153\/revisions"}],"wp:attachment":[{"href":"https:\/\/aguirreabogadosyasesores.com\/en\/wp-json\/wp\/v2\/media?parent=153"}],"curies":[{"name":"wp","href":"https:\/\/api.w.org\/{rel}","templated":true}]}}