{"id":162,"date":"2025-07-12T08:59:49","date_gmt":"2025-07-12T08:59:49","guid":{"rendered":"https:\/\/aguirreabogadosyasesores.com\/?page_id=162"},"modified":"2025-08-20T06:49:54","modified_gmt":"2025-08-20T06:49:54","slug":"sebastian-montes","status":"publish","type":"page","link":"https:\/\/aguirreabogadosyasesores.com\/en\/sebastian-montes\/","title":{"rendered":"Sebastian Montes"},"content":{"rendered":"<div data-elementor-type=\"wp-page\" data-elementor-id=\"162\" class=\"elementor elementor-162\" data-elementor-post-type=\"page\">\n\t\t\t\t<div class=\"elementor-element elementor-element-280a2b9 e-flex e-con-boxed e-con e-parent\" data-id=\"280a2b9\" data-element_type=\"container\">\n\t\t\t\t\t<div class=\"e-con-inner\">\n\t\t\t\t<div class=\"elementor-element elementor-element-b2983a7 elementor-widget elementor-widget-heading\" data-id=\"b2983a7\" data-element_type=\"widget\" data-widget_type=\"heading.default\">\n\t\t\t\t\t<h2 class=\"elementor-heading-title elementor-size-default\">Professionals<\/h2>\t\t\t\t<\/div>\n\t\t\t\t\t<\/div>\n\t\t\t\t<\/div>\n\t\t<div class=\"elementor-element elementor-element-ecd4dc9 e-flex e-con-boxed e-con e-parent\" data-id=\"ecd4dc9\" data-element_type=\"container\" data-settings=\"{&quot;background_background&quot;:&quot;slideshow&quot;,&quot;background_slideshow_gallery&quot;:[{&quot;id&quot;:232,&quot;url&quot;:&quot;https:\\\/\\\/aguirreabogadosyasesores.com\\\/wp-content\\\/uploads\\\/2025\\\/07\\\/Derecho-Laboral-y-Migratorio_web.jpg&quot;},{&quot;id&quot;:233,&quot;url&quot;:&quot;https:\\\/\\\/aguirreabogadosyasesores.com\\\/wp-content\\\/uploads\\\/2025\\\/07\\\/Derecho-Tributario_web.jpg&quot;},{&quot;id&quot;:238,&quot;url&quot;:&quot;https:\\\/\\\/aguirreabogadosyasesores.com\\\/wp-content\\\/uploads\\\/2025\\\/07\\\/Planificacion-de-Altos-Patrimonios_web.jpg&quot;},{&quot;id&quot;:877,&quot;url&quot;:&quot;https:\\\/\\\/aguirreabogadosyasesores.com\\\/wp-content\\\/uploads\\\/2025\\\/08\\\/PROF-NUEVA-1.jpg&quot;}],&quot;background_slideshow_slide_duration&quot;:3000,&quot;background_slideshow_slide_transition&quot;:&quot;slide_left&quot;,&quot;background_slideshow_loop&quot;:&quot;yes&quot;,&quot;background_slideshow_transition_duration&quot;:500}\">\n\t\t\t\t\t<div class=\"e-con-inner\">\n\t\t\t\t<div class=\"elementor-element elementor-element-2b4f5bd elementor-widget elementor-widget-spacer\" data-id=\"2b4f5bd\" data-element_type=\"widget\" data-widget_type=\"spacer.default\">\n\t\t\t\t\t\t\t<div class=\"elementor-spacer\">\n\t\t\t<div class=\"elementor-spacer-inner\"><\/div>\n\t\t<\/div>\n\t\t\t\t\t\t<\/div>\n\t\t\t\t\t<\/div>\n\t\t\t\t<\/div>\n\t\t<div class=\"elementor-element elementor-element-47e5d46 e-flex e-con-boxed e-con e-parent\" data-id=\"47e5d46\" data-element_type=\"container\">\n\t\t\t\t\t<div class=\"e-con-inner\">\n\t\t\t\t<div class=\"elementor-element elementor-element-ea0d6cb elementor-widget elementor-widget-spacer\" data-id=\"ea0d6cb\" data-element_type=\"widget\" data-widget_type=\"spacer.default\">\n\t\t\t\t\t\t\t<div class=\"elementor-spacer\">\n\t\t\t<div class=\"elementor-spacer-inner\"><\/div>\n\t\t<\/div>\n\t\t\t\t\t\t<\/div>\n\t\t\t\t\t<\/div>\n\t\t\t\t<\/div>\n\t\t<div class=\"elementor-element elementor-element-13a0223 e-flex e-con-boxed e-con e-parent\" data-id=\"13a0223\" data-element_type=\"container\">\n\t\t\t\t\t<div class=\"e-con-inner\">\n\t\t<div class=\"elementor-element elementor-element-dc3b3e5 e-con-full e-flex e-con e-child\" data-id=\"dc3b3e5\" data-element_type=\"container\">\n\t\t\t\t<div class=\"elementor-element elementor-element-3a8257e elementor-widget elementor-widget-image\" data-id=\"3a8257e\" data-element_type=\"widget\" data-widget_type=\"image.default\">\n\t\t\t\t\t\t\t\t\t\t\t\t\t\t\t<img fetchpriority=\"high\" decoding=\"async\" width=\"530\" height=\"720\" src=\"https:\/\/aguirreabogadosyasesores.com\/wp-content\/uploads\/2025\/07\/Sebastian-Montes.jpg\" class=\"attachment-full size-full wp-image-257\" alt=\"\" srcset=\"https:\/\/aguirreabogadosyasesores.com\/wp-content\/uploads\/2025\/07\/Sebastian-Montes.jpg 530w, https:\/\/aguirreabogadosyasesores.com\/wp-content\/uploads\/2025\/07\/Sebastian-Montes-221x300.jpg 221w\" sizes=\"(max-width: 530px) 100vw, 530px\" \/>\t\t\t\t\t\t\t\t\t\t\t\t\t\t\t<\/div>\n\t\t\t\t<\/div>\n\t\t<div class=\"elementor-element elementor-element-a16aae8 e-con-full e-flex e-con e-child\" data-id=\"a16aae8\" data-element_type=\"container\">\n\t\t\t\t<div class=\"elementor-element elementor-element-17ff971 elementor-widget elementor-widget-heading\" data-id=\"17ff971\" data-element_type=\"widget\" data-widget_type=\"heading.default\">\n\t\t\t\t\t<h3 class=\"elementor-heading-title elementor-size-default\">Sebastian Montes<\/h3>\t\t\t\t<\/div>\n\t\t\t\t<div class=\"elementor-element elementor-element-57b4b1c elementor-widget elementor-widget-text-editor\" data-id=\"57b4b1c\" data-element_type=\"widget\" data-widget_type=\"text-editor.default\">\n\t\t\t\t\t\t\t\t\t<p>Lawyer from Pontificia Universidad Cat\u00f3lica del Per\u00fa (PUCP), he has\nextensive experience in Corporate, such as establishment of\ncorporations and branches, corporate reorganizations, mergers and\nacquisitions (M&amp;A), due diligence, shareholders agreements, as well as\nin drafting and negotiating civil and commercial contracts.<\/p>\t\t\t\t\t\t\t\t<\/div>\n\t\t\t\t<div class=\"elementor-element elementor-element-34861ae elementor-widget elementor-widget-text-editor\" data-id=\"34861ae\" data-element_type=\"widget\" data-widget_type=\"text-editor.default\">\n\t\t\t\t\t\t\t\t\t<p>Likewise, he also has solid knowledge in consumer protection,\nintellectual property protection, personal data and new technologies.<\/p>\t\t\t\t\t\t\t\t<\/div>\n\t\t<div class=\"elementor-element elementor-element-ea0f34a e-con-full e-flex e-con e-child\" data-id=\"ea0f34a\" data-element_type=\"container\">\n\t\t<div class=\"elementor-element elementor-element-33e4f93 e-con-full e-flex e-con e-child\" data-id=\"33e4f93\" data-element_type=\"container\">\n\t\t<div class=\"elementor-element elementor-element-0c253ba e-con-full e-flex e-con e-child\" data-id=\"0c253ba\" data-element_type=\"container\">\n\t\t\t\t<div class=\"elementor-element elementor-element-28f3c82 elementor-view-default elementor-widget elementor-widget-icon\" data-id=\"28f3c82\" data-element_type=\"widget\" data-widget_type=\"icon.default\">\n\t\t\t\t\t\t\t<div class=\"elementor-icon-wrapper\">\n\t\t\t<a class=\"elementor-icon\" href=\"https:\/\/www.linkedin.com\/in\/sebastian-e-montes-81512114a\/\" target=\"_blank\">\n\t\t\t<svg aria-hidden=\"true\" class=\"e-font-icon-svg e-fab-linkedin-in\" viewbox=\"0 0 448 512\" xmlns=\"http:\/\/www.w3.org\/2000\/svg\"><path d=\"M100.28 448H7.4V148.9h92.88zM53.79 108.1C24.09 108.1 0 83.5 0 53.8a53.79 53.79 0 0 1 107.58 0c0 29.7-24.1 54.3-53.79 54.3zM447.9 448h-92.68V302.4c0-34.7-.7-79.2-48.29-79.2-48.29 0-55.69 37.7-55.69 76.7V448h-92.78V148.9h89.08v40.8h1.3c12.4-23.5 42.69-48.3 87.88-48.3 94 0 111.28 61.9 111.28 142.3V448z\"><\/path><\/svg>\t\t\t<\/a>\n\t\t<\/div>\n\t\t\t\t\t\t<\/div>\n\t\t\t\t<\/div>\n\t\t<div class=\"elementor-element elementor-element-0edeae5 e-con-full e-flex e-con e-child\" data-id=\"0edeae5\" data-element_type=\"container\">\n\t\t\t\t<div class=\"elementor-element elementor-element-ef69e19 elementor-widget elementor-widget-heading\" data-id=\"ef69e19\" data-element_type=\"widget\" data-widget_type=\"heading.default\">\n\t\t\t\t\t<p class=\"elementor-heading-title elementor-size-default\">sebastian.montes@aguirreabogadosyasesores.com<\/p>\t\t\t\t<\/div>\n\t\t\t\t<\/div>\n\t\t\t\t<\/div>\n\t\t\t\t<\/div>\n\t\t\t\t<\/div>\n\t\t\t\t\t<\/div>\n\t\t\t\t<\/div>\n\t\t\t\t<\/div>","protected":false},"excerpt":{"rendered":"<p>Profesionales Sebastian Montes Abogado por la Pontificia Universidad Cat\u00f3lica del Per\u00fa (PUCP), cuenta con amplia experiencia en Derecho Corporativo, como constituci\u00f3n de empresas, establecimiento de sucursales, ejecuci\u00f3n de reorganizaciones societarias y adquisici\u00f3n de empresas (M&amp;A), procesos de debida diligencia, disoluci\u00f3n y liquidaci\u00f3n de empresas, as\u00ed como en la elaboraci\u00f3n y negociaci\u00f3n de todo tipo de [&hellip;]<\/p>","protected":false},"author":1,"featured_media":0,"parent":0,"menu_order":0,"comment_status":"closed","ping_status":"closed","template":"elementor_header_footer","meta":{"footnotes":""},"class_list":["post-162","page","type-page","status-publish","hentry"],"rttpg_featured_image_url":null,"rttpg_author":{"display_name":"admin","author_link":"https:\/\/aguirreabogadosyasesores.com\/en\/author\/admin_2025\/"},"rttpg_comment":0,"rttpg_category":null,"rttpg_excerpt":"Profesionales Sebastian Montes Abogado por la Pontificia Universidad Cat\u00f3lica del Per\u00fa (PUCP), cuenta con amplia experiencia en Derecho Corporativo, como constituci\u00f3n de empresas, establecimiento de sucursales, ejecuci\u00f3n de reorganizaciones societarias y adquisici\u00f3n de empresas (M&amp;A), procesos de debida diligencia, disoluci\u00f3n y liquidaci\u00f3n de empresas, as\u00ed como en la elaboraci\u00f3n y negociaci\u00f3n de todo tipo de&hellip;","_links":{"self":[{"href":"https:\/\/aguirreabogadosyasesores.com\/en\/wp-json\/wp\/v2\/pages\/162","targetHints":{"allow":["GET"]}}],"collection":[{"href":"https:\/\/aguirreabogadosyasesores.com\/en\/wp-json\/wp\/v2\/pages"}],"about":[{"href":"https:\/\/aguirreabogadosyasesores.com\/en\/wp-json\/wp\/v2\/types\/page"}],"author":[{"embeddable":true,"href":"https:\/\/aguirreabogadosyasesores.com\/en\/wp-json\/wp\/v2\/users\/1"}],"replies":[{"embeddable":true,"href":"https:\/\/aguirreabogadosyasesores.com\/en\/wp-json\/wp\/v2\/comments?post=162"}],"version-history":[{"count":0,"href":"https:\/\/aguirreabogadosyasesores.com\/en\/wp-json\/wp\/v2\/pages\/162\/revisions"}],"wp:attachment":[{"href":"https:\/\/aguirreabogadosyasesores.com\/en\/wp-json\/wp\/v2\/media?parent=162"}],"curies":[{"name":"wp","href":"https:\/\/api.w.org\/{rel}","templated":true}]}}