{"id":168,"date":"2025-07-12T09:03:35","date_gmt":"2025-07-12T09:03:35","guid":{"rendered":"https:\/\/aguirreabogadosyasesores.com\/?page_id=168"},"modified":"2025-08-08T19:41:02","modified_gmt":"2025-08-08T19:41:02","slug":"luis-gandolfo","status":"publish","type":"page","link":"https:\/\/aguirreabogadosyasesores.com\/en\/luis-gandolfo\/","title":{"rendered":"Luis Gandolfo"},"content":{"rendered":"<div data-elementor-type=\"wp-page\" data-elementor-id=\"168\" class=\"elementor elementor-168\" data-elementor-post-type=\"page\">\n\t\t\t\t<div class=\"elementor-element elementor-element-aac9c0e e-flex e-con-boxed e-con e-parent\" data-id=\"aac9c0e\" data-element_type=\"container\">\n\t\t\t\t\t<div class=\"e-con-inner\">\n\t\t\t\t<div class=\"elementor-element elementor-element-3e17a2b elementor-widget elementor-widget-heading\" data-id=\"3e17a2b\" data-element_type=\"widget\" data-widget_type=\"heading.default\">\n\t\t\t\t\t<h2 class=\"elementor-heading-title elementor-size-default\">Professionals<\/h2>\t\t\t\t<\/div>\n\t\t\t\t\t<\/div>\n\t\t\t\t<\/div>\n\t\t<div class=\"elementor-element elementor-element-e1df966 e-flex e-con-boxed e-con e-parent\" data-id=\"e1df966\" data-element_type=\"container\" data-settings=\"{&quot;background_background&quot;:&quot;slideshow&quot;,&quot;background_slideshow_gallery&quot;:[{&quot;id&quot;:232,&quot;url&quot;:&quot;https:\\\/\\\/aguirreabogadosyasesores.com\\\/wp-content\\\/uploads\\\/2025\\\/07\\\/Derecho-Laboral-y-Migratorio_web.jpg&quot;},{&quot;id&quot;:233,&quot;url&quot;:&quot;https:\\\/\\\/aguirreabogadosyasesores.com\\\/wp-content\\\/uploads\\\/2025\\\/07\\\/Derecho-Tributario_web.jpg&quot;},{&quot;id&quot;:238,&quot;url&quot;:&quot;https:\\\/\\\/aguirreabogadosyasesores.com\\\/wp-content\\\/uploads\\\/2025\\\/07\\\/Planificacion-de-Altos-Patrimonios_web.jpg&quot;},{&quot;id&quot;:877,&quot;url&quot;:&quot;https:\\\/\\\/aguirreabogadosyasesores.com\\\/wp-content\\\/uploads\\\/2025\\\/08\\\/PROF-NUEVA-1.jpg&quot;}],&quot;background_slideshow_slide_duration&quot;:3000,&quot;background_slideshow_slide_transition&quot;:&quot;slide_left&quot;,&quot;background_slideshow_loop&quot;:&quot;yes&quot;,&quot;background_slideshow_transition_duration&quot;:500}\">\n\t\t\t\t\t<div class=\"e-con-inner\">\n\t\t\t\t<div class=\"elementor-element elementor-element-7fc46e9 elementor-widget elementor-widget-spacer\" data-id=\"7fc46e9\" data-element_type=\"widget\" data-widget_type=\"spacer.default\">\n\t\t\t\t\t\t\t<div class=\"elementor-spacer\">\n\t\t\t<div class=\"elementor-spacer-inner\"><\/div>\n\t\t<\/div>\n\t\t\t\t\t\t<\/div>\n\t\t\t\t\t<\/div>\n\t\t\t\t<\/div>\n\t\t<div class=\"elementor-element elementor-element-94d6fe1 e-flex e-con-boxed e-con e-parent\" data-id=\"94d6fe1\" data-element_type=\"container\">\n\t\t\t\t\t<div class=\"e-con-inner\">\n\t\t\t\t<div class=\"elementor-element elementor-element-1cb1744 elementor-widget elementor-widget-spacer\" data-id=\"1cb1744\" data-element_type=\"widget\" data-widget_type=\"spacer.default\">\n\t\t\t\t\t\t\t<div class=\"elementor-spacer\">\n\t\t\t<div class=\"elementor-spacer-inner\"><\/div>\n\t\t<\/div>\n\t\t\t\t\t\t<\/div>\n\t\t\t\t\t<\/div>\n\t\t\t\t<\/div>\n\t\t<div class=\"elementor-element elementor-element-23f8ee3 e-flex e-con-boxed e-con e-parent\" data-id=\"23f8ee3\" data-element_type=\"container\">\n\t\t\t\t\t<div class=\"e-con-inner\">\n\t\t<div class=\"elementor-element elementor-element-a9d9ef5 e-con-full e-flex e-con e-child\" data-id=\"a9d9ef5\" data-element_type=\"container\">\n\t\t\t\t<div class=\"elementor-element elementor-element-0b32290 elementor-widget elementor-widget-image\" data-id=\"0b32290\" data-element_type=\"widget\" data-widget_type=\"image.default\">\n\t\t\t\t\t\t\t\t\t\t\t\t\t\t\t<img fetchpriority=\"high\" decoding=\"async\" width=\"530\" height=\"720\" src=\"https:\/\/aguirreabogadosyasesores.com\/wp-content\/uploads\/2025\/07\/Luis-Gandolfo.jpg\" class=\"attachment-full size-full wp-image-261\" alt=\"\" srcset=\"https:\/\/aguirreabogadosyasesores.com\/wp-content\/uploads\/2025\/07\/Luis-Gandolfo.jpg 530w, https:\/\/aguirreabogadosyasesores.com\/wp-content\/uploads\/2025\/07\/Luis-Gandolfo-221x300.jpg 221w\" sizes=\"(max-width: 530px) 100vw, 530px\" \/>\t\t\t\t\t\t\t\t\t\t\t\t\t\t\t<\/div>\n\t\t\t\t<\/div>\n\t\t<div class=\"elementor-element elementor-element-c05a96c e-con-full e-flex e-con e-child\" data-id=\"c05a96c\" data-element_type=\"container\">\n\t\t\t\t<div class=\"elementor-element elementor-element-bcdc74e elementor-widget elementor-widget-heading\" data-id=\"bcdc74e\" data-element_type=\"widget\" data-widget_type=\"heading.default\">\n\t\t\t\t\t<h3 class=\"elementor-heading-title elementor-size-default\">Luis Gandolfo<\/h3>\t\t\t\t<\/div>\n\t\t\t\t<div class=\"elementor-element elementor-element-79b92c0 elementor-widget elementor-widget-text-editor\" data-id=\"79b92c0\" data-element_type=\"widget\" data-widget_type=\"text-editor.default\">\n\t\t\t\t\t\t\t\t\t<p class=\"translation-block\">Certified Public Accountant graduated from Universidad Nacional\nMayor de San Marcos, with more than 30 years of professional\nexperience. Solid knowledge in accounting and tax matters in\nindustrial, commercial, service and exporting companies of goods and\nservices, among others.<\/p>\t\t\t\t\t\t\t\t<\/div>\n\t\t\t\t<div class=\"elementor-element elementor-element-6db7935 elementor-widget elementor-widget-text-editor\" data-id=\"6db7935\" data-element_type=\"widget\" data-widget_type=\"text-editor.default\">\n\t\t\t\t\t\t\t\t\t<p>Mr. Gandolfo counts with a specialization in Finance Auditing and in Tax\nAuditing from the Colegio de Contadores P\u00fablicos de Lima (CCPL).<\/p>\t\t\t\t\t\t\t\t<\/div>\n\t\t\t\t<div class=\"elementor-element elementor-element-71794d0 elementor-widget elementor-widget-text-editor\" data-id=\"71794d0\" data-element_type=\"widget\" data-widget_type=\"text-editor.default\">\n\t\t\t\t\t\t\t\t\t<p>In addition, he is an Independent Auditor certified and authorized by\nthe CCPL.<\/p>\t\t\t\t\t\t\t\t<\/div>\n\t\t\t\t<\/div>\n\t\t\t\t\t<\/div>\n\t\t\t\t<\/div>\n\t\t\t\t<\/div>","protected":false},"excerpt":{"rendered":"<p>Profesionales Luis Gandolfo Contador P\u00fablico Colegiado (CPC) egresado de la Universidad NacionalMayor de San Marcos, con m\u00e1s de 30 a\u00f1os de experiencia profesional.S\u00f3lidos conocimientos en materia contable y tributaria en empresas industriales, comerciales, servicios y exportadoras de bienes y servicios entre otras. El CPC Luis Gandolfo cuenta con una especializaci\u00f3n en Auditoria Financiera y otra [&hellip;]<\/p>","protected":false},"author":1,"featured_media":0,"parent":0,"menu_order":0,"comment_status":"closed","ping_status":"closed","template":"elementor_header_footer","meta":{"footnotes":""},"class_list":["post-168","page","type-page","status-publish","hentry"],"rttpg_featured_image_url":null,"rttpg_author":{"display_name":"admin","author_link":"https:\/\/aguirreabogadosyasesores.com\/en\/author\/admin_2025\/"},"rttpg_comment":0,"rttpg_category":null,"rttpg_excerpt":"Profesionales Luis Gandolfo Contador P\u00fablico Colegiado (CPC) egresado de la Universidad NacionalMayor de San Marcos, con m\u00e1s de 30 a\u00f1os de experiencia profesional.S\u00f3lidos conocimientos en materia contable y tributaria en empresas industriales, comerciales, servicios y exportadoras de bienes y servicios entre otras. El CPC Luis Gandolfo cuenta con una especializaci\u00f3n en Auditoria Financiera y otra&hellip;","_links":{"self":[{"href":"https:\/\/aguirreabogadosyasesores.com\/en\/wp-json\/wp\/v2\/pages\/168","targetHints":{"allow":["GET"]}}],"collection":[{"href":"https:\/\/aguirreabogadosyasesores.com\/en\/wp-json\/wp\/v2\/pages"}],"about":[{"href":"https:\/\/aguirreabogadosyasesores.com\/en\/wp-json\/wp\/v2\/types\/page"}],"author":[{"embeddable":true,"href":"https:\/\/aguirreabogadosyasesores.com\/en\/wp-json\/wp\/v2\/users\/1"}],"replies":[{"embeddable":true,"href":"https:\/\/aguirreabogadosyasesores.com\/en\/wp-json\/wp\/v2\/comments?post=168"}],"version-history":[{"count":0,"href":"https:\/\/aguirreabogadosyasesores.com\/en\/wp-json\/wp\/v2\/pages\/168\/revisions"}],"wp:attachment":[{"href":"https:\/\/aguirreabogadosyasesores.com\/en\/wp-json\/wp\/v2\/media?parent=168"}],"curies":[{"name":"wp","href":"https:\/\/api.w.org\/{rel}","templated":true}]}}