{"id":183,"date":"2025-07-12T09:13:05","date_gmt":"2025-07-12T09:13:05","guid":{"rendered":"https:\/\/aguirreabogadosyasesores.com\/?page_id=183"},"modified":"2025-08-08T19:40:51","modified_gmt":"2025-08-08T19:40:51","slug":"luis-sierralta","status":"publish","type":"page","link":"https:\/\/aguirreabogadosyasesores.com\/en\/luis-sierralta\/","title":{"rendered":"Luis Sierralta"},"content":{"rendered":"<div data-elementor-type=\"wp-page\" data-elementor-id=\"183\" class=\"elementor elementor-183\" data-elementor-post-type=\"page\">\n\t\t\t\t<div class=\"elementor-element elementor-element-5fdd46c e-flex e-con-boxed e-con e-parent\" data-id=\"5fdd46c\" data-element_type=\"container\">\n\t\t\t\t\t<div class=\"e-con-inner\">\n\t\t\t\t<div class=\"elementor-element elementor-element-e56bc49 elementor-widget elementor-widget-heading\" data-id=\"e56bc49\" data-element_type=\"widget\" data-widget_type=\"heading.default\">\n\t\t\t\t\t<h2 class=\"elementor-heading-title elementor-size-default\">Professionals<\/h2>\t\t\t\t<\/div>\n\t\t\t\t\t<\/div>\n\t\t\t\t<\/div>\n\t\t<div class=\"elementor-element elementor-element-1edc2db e-flex e-con-boxed e-con e-parent\" data-id=\"1edc2db\" data-element_type=\"container\" data-settings=\"{&quot;background_background&quot;:&quot;slideshow&quot;,&quot;background_slideshow_gallery&quot;:[{&quot;id&quot;:232,&quot;url&quot;:&quot;https:\\\/\\\/aguirreabogadosyasesores.com\\\/wp-content\\\/uploads\\\/2025\\\/07\\\/Derecho-Laboral-y-Migratorio_web.jpg&quot;},{&quot;id&quot;:233,&quot;url&quot;:&quot;https:\\\/\\\/aguirreabogadosyasesores.com\\\/wp-content\\\/uploads\\\/2025\\\/07\\\/Derecho-Tributario_web.jpg&quot;},{&quot;id&quot;:238,&quot;url&quot;:&quot;https:\\\/\\\/aguirreabogadosyasesores.com\\\/wp-content\\\/uploads\\\/2025\\\/07\\\/Planificacion-de-Altos-Patrimonios_web.jpg&quot;},{&quot;id&quot;:877,&quot;url&quot;:&quot;https:\\\/\\\/aguirreabogadosyasesores.com\\\/wp-content\\\/uploads\\\/2025\\\/08\\\/PROF-NUEVA-1.jpg&quot;}],&quot;background_slideshow_slide_duration&quot;:3000,&quot;background_slideshow_slide_transition&quot;:&quot;slide_left&quot;,&quot;background_slideshow_loop&quot;:&quot;yes&quot;,&quot;background_slideshow_transition_duration&quot;:500}\">\n\t\t\t\t\t<div class=\"e-con-inner\">\n\t\t\t\t<div class=\"elementor-element elementor-element-70cde28 elementor-widget elementor-widget-spacer\" data-id=\"70cde28\" data-element_type=\"widget\" data-widget_type=\"spacer.default\">\n\t\t\t\t\t\t\t<div class=\"elementor-spacer\">\n\t\t\t<div class=\"elementor-spacer-inner\"><\/div>\n\t\t<\/div>\n\t\t\t\t\t\t<\/div>\n\t\t\t\t\t<\/div>\n\t\t\t\t<\/div>\n\t\t<div class=\"elementor-element elementor-element-84fba65 e-flex e-con-boxed e-con e-parent\" data-id=\"84fba65\" data-element_type=\"container\">\n\t\t\t\t\t<div class=\"e-con-inner\">\n\t\t\t\t<div class=\"elementor-element elementor-element-a4cb0a2 elementor-widget elementor-widget-spacer\" data-id=\"a4cb0a2\" data-element_type=\"widget\" data-widget_type=\"spacer.default\">\n\t\t\t\t\t\t\t<div class=\"elementor-spacer\">\n\t\t\t<div class=\"elementor-spacer-inner\"><\/div>\n\t\t<\/div>\n\t\t\t\t\t\t<\/div>\n\t\t\t\t\t<\/div>\n\t\t\t\t<\/div>\n\t\t<div class=\"elementor-element elementor-element-8947da8 e-flex e-con-boxed e-con e-parent\" data-id=\"8947da8\" data-element_type=\"container\">\n\t\t\t\t\t<div class=\"e-con-inner\">\n\t\t<div class=\"elementor-element elementor-element-943146e e-con-full e-flex e-con e-child\" data-id=\"943146e\" data-element_type=\"container\">\n\t\t\t\t<div class=\"elementor-element elementor-element-e5c29ff elementor-widget elementor-widget-image\" data-id=\"e5c29ff\" data-element_type=\"widget\" data-widget_type=\"image.default\">\n\t\t\t\t\t\t\t\t\t\t\t\t\t\t\t<img fetchpriority=\"high\" decoding=\"async\" width=\"530\" height=\"720\" src=\"https:\/\/aguirreabogadosyasesores.com\/wp-content\/uploads\/2025\/07\/Luis-Sierralta.jpg\" class=\"attachment-full size-full wp-image-265\" alt=\"\" srcset=\"https:\/\/aguirreabogadosyasesores.com\/wp-content\/uploads\/2025\/07\/Luis-Sierralta.jpg 530w, https:\/\/aguirreabogadosyasesores.com\/wp-content\/uploads\/2025\/07\/Luis-Sierralta-221x300.jpg 221w\" sizes=\"(max-width: 530px) 100vw, 530px\" \/>\t\t\t\t\t\t\t\t\t\t\t\t\t\t\t<\/div>\n\t\t\t\t<\/div>\n\t\t<div class=\"elementor-element elementor-element-bcb2b79 e-con-full e-flex e-con e-child\" data-id=\"bcb2b79\" data-element_type=\"container\">\n\t\t\t\t<div class=\"elementor-element elementor-element-62d1b67 elementor-widget elementor-widget-heading\" data-id=\"62d1b67\" data-element_type=\"widget\" data-widget_type=\"heading.default\">\n\t\t\t\t\t<h3 class=\"elementor-heading-title elementor-size-default\">Luis Sierralta<\/h3>\t\t\t\t<\/div>\n\t\t\t\t<div class=\"elementor-element elementor-element-25668df elementor-widget elementor-widget-text-editor\" data-id=\"25668df\" data-element_type=\"widget\" data-widget_type=\"text-editor.default\">\n\t\t\t\t\t\t\t\t\t<p class=\"translation-block\">Lawyer from Universidad Inca Garcilaso de la Vega, PHD in International\nBusiness Administration from Universidad Ricardo Palma, Master\nDegree in Business Administration with specialization in Finance,\nMarketing and International Trade from Universidad del Pacifico. With a\ngreat knowledge in bankruptcy procedures and corporate liquidations.\nHe was member of the Instituto Iberoamericano de Derecho Concursal\n\u2013 Peruvian Chapter.<\/p>\t\t\t\t\t\t\t\t<\/div>\n\t\t\t\t<div class=\"elementor-element elementor-element-1e1b0cb elementor-widget elementor-widget-text-editor\" data-id=\"1e1b0cb\" data-element_type=\"widget\" data-widget_type=\"text-editor.default\">\n\t\t\t\t\t\t\t\t\t<p class=\"translation-block\">Mr. Sierralta has extensive and recognized experience in bankruptcy\nprocedures, since 1998. He participated in more than 100 bankruptcy\nand insolvency procedures in different positions and areas, such as\nmanagement, finance, execution of projects, as well as, in economic\nrestructuring and liquidations proceedings.<\/p>\t\t\t\t\t\t\t\t<\/div>\n\t\t\t\t<div class=\"elementor-element elementor-element-760fcbb elementor-widget elementor-widget-text-editor\" data-id=\"760fcbb\" data-element_type=\"widget\" data-widget_type=\"text-editor.default\">\n\t\t\t\t\t\t\t\t\t<p>He was duly appointed as \u201cliquidador\u201d (manager in charge) in more than\n50 liquidations proceedings.<\/p>\t\t\t\t\t\t\t\t<\/div>\n\t\t\t\t<\/div>\n\t\t\t\t\t<\/div>\n\t\t\t\t<\/div>\n\t\t\t\t<\/div>","protected":false},"excerpt":{"rendered":"<p>Profesionales Luis Sierralta Abogado experto en crisis patrimoniales por la Universidad Inca Garcilaso de la Vega, Doctor en Administraci\u00f3n de NegociosInternacionales por la Universidad Ricardo Palma, M\u00e1ster en Administraci\u00f3n con concentraci\u00f3n en Finanzas, Mercadotecnia,Comercio Internacional por la Universidad del Pac\u00edfico. Fue Miembro del Instituto Iberoamericano de Derecho Concursal \u2013 Cap\u00edtulo Peruano. Amplia experiencia gerencial y [&hellip;]<\/p>","protected":false},"author":1,"featured_media":0,"parent":0,"menu_order":0,"comment_status":"closed","ping_status":"closed","template":"elementor_header_footer","meta":{"footnotes":""},"class_list":["post-183","page","type-page","status-publish","hentry"],"rttpg_featured_image_url":null,"rttpg_author":{"display_name":"admin","author_link":"https:\/\/aguirreabogadosyasesores.com\/en\/author\/admin_2025\/"},"rttpg_comment":0,"rttpg_category":null,"rttpg_excerpt":"Profesionales Luis Sierralta Abogado experto en crisis patrimoniales por la Universidad Inca Garcilaso de la Vega, Doctor en Administraci\u00f3n de NegociosInternacionales por la Universidad Ricardo Palma, M\u00e1ster en Administraci\u00f3n con concentraci\u00f3n en Finanzas, Mercadotecnia,Comercio Internacional por la Universidad del Pac\u00edfico. Fue Miembro del Instituto Iberoamericano de Derecho Concursal \u2013 Cap\u00edtulo Peruano. Amplia experiencia gerencial y&hellip;","_links":{"self":[{"href":"https:\/\/aguirreabogadosyasesores.com\/en\/wp-json\/wp\/v2\/pages\/183","targetHints":{"allow":["GET"]}}],"collection":[{"href":"https:\/\/aguirreabogadosyasesores.com\/en\/wp-json\/wp\/v2\/pages"}],"about":[{"href":"https:\/\/aguirreabogadosyasesores.com\/en\/wp-json\/wp\/v2\/types\/page"}],"author":[{"embeddable":true,"href":"https:\/\/aguirreabogadosyasesores.com\/en\/wp-json\/wp\/v2\/users\/1"}],"replies":[{"embeddable":true,"href":"https:\/\/aguirreabogadosyasesores.com\/en\/wp-json\/wp\/v2\/comments?post=183"}],"version-history":[{"count":0,"href":"https:\/\/aguirreabogadosyasesores.com\/en\/wp-json\/wp\/v2\/pages\/183\/revisions"}],"wp:attachment":[{"href":"https:\/\/aguirreabogadosyasesores.com\/en\/wp-json\/wp\/v2\/media?parent=183"}],"curies":[{"name":"wp","href":"https:\/\/api.w.org\/{rel}","templated":true}]}}