{"id":378,"date":"2025-07-17T17:49:51","date_gmt":"2025-07-17T17:49:51","guid":{"rendered":"https:\/\/aguirreabogadosyasesores.com\/?page_id=378"},"modified":"2025-07-26T03:51:12","modified_gmt":"2025-07-26T03:51:12","slug":"derecho-corporativo","status":"publish","type":"page","link":"https:\/\/aguirreabogadosyasesores.com\/en\/derecho-corporativo\/","title":{"rendered":"Corporate"},"content":{"rendered":"<div data-elementor-type=\"wp-page\" data-elementor-id=\"378\" class=\"elementor elementor-378\" data-elementor-post-type=\"page\">\n\t\t\t\t<div class=\"elementor-element elementor-element-1e87dd7 e-flex e-con-boxed e-con e-parent\" data-id=\"1e87dd7\" data-element_type=\"container\" data-settings=\"{&quot;background_background&quot;:&quot;classic&quot;}\">\n\t\t\t\t\t<div class=\"e-con-inner\">\n\t\t\t\t<div class=\"elementor-element elementor-element-5fa9a4f elementor-widget elementor-widget-spacer\" data-id=\"5fa9a4f\" data-element_type=\"widget\" data-widget_type=\"spacer.default\">\n\t\t\t\t\t\t\t<div class=\"elementor-spacer\">\n\t\t\t<div class=\"elementor-spacer-inner\"><\/div>\n\t\t<\/div>\n\t\t\t\t\t\t<\/div>\n\t\t\t\t\t<\/div>\n\t\t\t\t<\/div>\n\t\t<div class=\"elementor-element elementor-element-8d9dbcd e-flex e-con-boxed e-con e-parent\" data-id=\"8d9dbcd\" data-element_type=\"container\">\n\t\t\t\t\t<div class=\"e-con-inner\">\n\t\t\t\t<div class=\"elementor-element elementor-element-2cc486a elementor-widget elementor-widget-spacer\" data-id=\"2cc486a\" data-element_type=\"widget\" data-widget_type=\"spacer.default\">\n\t\t\t\t\t\t\t<div class=\"elementor-spacer\">\n\t\t\t<div class=\"elementor-spacer-inner\"><\/div>\n\t\t<\/div>\n\t\t\t\t\t\t<\/div>\n\t\t\t\t\t<\/div>\n\t\t\t\t<\/div>\n\t\t<div class=\"elementor-element elementor-element-b7c2687 e-flex e-con-boxed e-con e-parent\" data-id=\"b7c2687\" data-element_type=\"container\">\n\t\t\t\t\t<div class=\"e-con-inner\">\n\t\t\t\t<div class=\"elementor-element elementor-element-cb2a008 elementor-widget elementor-widget-heading\" data-id=\"cb2a008\" data-element_type=\"widget\" data-widget_type=\"heading.default\">\n\t\t\t\t\t<h2 class=\"elementor-heading-title elementor-size-default\">Corporate<\/h2>\t\t\t\t<\/div>\n\t\t\t\t\t<\/div>\n\t\t\t\t<\/div>\n\t\t<div class=\"elementor-element elementor-element-bf37da8 e-flex e-con-boxed e-con e-parent\" data-id=\"bf37da8\" data-element_type=\"container\">\n\t\t\t\t\t<div class=\"e-con-inner\">\n\t\t\t\t<div class=\"elementor-element elementor-element-9fda85e elementor-widget elementor-widget-spacer\" data-id=\"9fda85e\" data-element_type=\"widget\" data-widget_type=\"spacer.default\">\n\t\t\t\t\t\t\t<div class=\"elementor-spacer\">\n\t\t\t<div class=\"elementor-spacer-inner\"><\/div>\n\t\t<\/div>\n\t\t\t\t\t\t<\/div>\n\t\t\t\t\t<\/div>\n\t\t\t\t<\/div>\n\t\t<div class=\"elementor-element elementor-element-43a6550 e-flex e-con-boxed e-con e-parent\" data-id=\"43a6550\" data-element_type=\"container\">\n\t\t\t\t\t<div class=\"e-con-inner\">\n\t\t\t\t<div class=\"elementor-element elementor-element-6e59c0a elementor-widget elementor-widget-text-editor\" data-id=\"6e59c0a\" data-element_type=\"widget\" data-widget_type=\"text-editor.default\">\n\t\t\t\t\t\t\t\t\t<p>Design of the most efficient business structure in the start-up phase and during the permanent development of the commercial activities of\nour clients, as well as in global implementation of corporate structures for tax, financial and business simplification purposes, including relocation by way of continuation of companies incorporated abroad.\nWe also offer counseling for:<\/p><ul><li>Incorporation of companies<\/li><li>Branch establishments<\/li><li>Corporate collaboration structures<\/li><li>Compliance and governance aspects of the company<\/li><li>Professionalization of family businesses<\/li><li>Elaboration of shareholders\u2019 agreements<br \/><br \/><\/li><\/ul><p>We participate as independent directors in multiple domestic and foreign companies in different economic sectors.<\/p>\t\t\t\t\t\t\t\t<\/div>\n\t\t\t\t\t<\/div>\n\t\t\t\t<\/div>\n\t\t<div class=\"elementor-element elementor-element-86742f2 e-flex e-con-boxed e-con e-parent\" data-id=\"86742f2\" data-element_type=\"container\">\n\t\t\t\t\t<div class=\"e-con-inner\">\n\t\t\t\t<div class=\"elementor-element elementor-element-f9d8164 elementor-widget-divider--view-line elementor-widget elementor-widget-divider\" data-id=\"f9d8164\" data-element_type=\"widget\" data-widget_type=\"divider.default\">\n\t\t\t\t\t\t\t<div class=\"elementor-divider\">\n\t\t\t<span class=\"elementor-divider-separator\">\n\t\t\t\t\t\t<\/span>\n\t\t<\/div>\n\t\t\t\t\t\t<\/div>\n\t\t\t\t\t<\/div>\n\t\t\t\t<\/div>\n\t\t\t\t<\/div>","protected":false},"excerpt":{"rendered":"<p>Derecho Corporativo Dise\u00f1amos la estructura de negocios m\u00e1s eficiente para el inicio y el desarrollo permanente de sus actividades y la implementaci\u00f3n a nivel global de estructuras corporativas de ahorro fiscal, de financiamiento y simplificaci\u00f3n de negocios, incluyendo el redomicilio al pa\u00eds de sociedades constituidas en el extranjero, as\u00ed como tambi\u00e9n: Asesor\u00eda en la constituci\u00f3n [&hellip;]<\/p>","protected":false},"author":1,"featured_media":0,"parent":0,"menu_order":0,"comment_status":"closed","ping_status":"closed","template":"elementor_header_footer","meta":{"footnotes":""},"class_list":["post-378","page","type-page","status-publish","hentry"],"rttpg_featured_image_url":null,"rttpg_author":{"display_name":"admin","author_link":"https:\/\/aguirreabogadosyasesores.com\/en\/author\/admin_2025\/"},"rttpg_comment":0,"rttpg_category":null,"rttpg_excerpt":"Derecho Corporativo Dise\u00f1amos la estructura de negocios m\u00e1s eficiente para el inicio y el desarrollo permanente de sus actividades y la implementaci\u00f3n a nivel global de estructuras corporativas de ahorro fiscal, de financiamiento y simplificaci\u00f3n de negocios, incluyendo el redomicilio al pa\u00eds de sociedades constituidas en el extranjero, as\u00ed como tambi\u00e9n: Asesor\u00eda en la constituci\u00f3n&hellip;","_links":{"self":[{"href":"https:\/\/aguirreabogadosyasesores.com\/en\/wp-json\/wp\/v2\/pages\/378","targetHints":{"allow":["GET"]}}],"collection":[{"href":"https:\/\/aguirreabogadosyasesores.com\/en\/wp-json\/wp\/v2\/pages"}],"about":[{"href":"https:\/\/aguirreabogadosyasesores.com\/en\/wp-json\/wp\/v2\/types\/page"}],"author":[{"embeddable":true,"href":"https:\/\/aguirreabogadosyasesores.com\/en\/wp-json\/wp\/v2\/users\/1"}],"replies":[{"embeddable":true,"href":"https:\/\/aguirreabogadosyasesores.com\/en\/wp-json\/wp\/v2\/comments?post=378"}],"version-history":[{"count":0,"href":"https:\/\/aguirreabogadosyasesores.com\/en\/wp-json\/wp\/v2\/pages\/378\/revisions"}],"wp:attachment":[{"href":"https:\/\/aguirreabogadosyasesores.com\/en\/wp-json\/wp\/v2\/media?parent=378"}],"curies":[{"name":"wp","href":"https:\/\/api.w.org\/{rel}","templated":true}]}}