{"id":387,"date":"2025-07-17T18:03:33","date_gmt":"2025-07-17T18:03:33","guid":{"rendered":"https:\/\/aguirreabogadosyasesores.com\/?page_id=387"},"modified":"2025-07-26T03:51:36","modified_gmt":"2025-07-26T03:51:36","slug":"fusiones-y-adquisiciones-ma","status":"publish","type":"page","link":"https:\/\/aguirreabogadosyasesores.com\/en\/fusiones-y-adquisiciones-ma\/","title":{"rendered":"Mergers and Acquisitions (M&amp;A)"},"content":{"rendered":"<div data-elementor-type=\"wp-page\" data-elementor-id=\"387\" class=\"elementor elementor-387\" data-elementor-post-type=\"page\">\n\t\t\t\t<div class=\"elementor-element elementor-element-c2a8f93 e-flex e-con-boxed e-con e-parent\" data-id=\"c2a8f93\" data-element_type=\"container\" data-settings=\"{&quot;background_background&quot;:&quot;classic&quot;}\">\n\t\t\t\t\t<div class=\"e-con-inner\">\n\t\t\t\t<div class=\"elementor-element elementor-element-dcc3cc1 elementor-widget elementor-widget-spacer\" data-id=\"dcc3cc1\" data-element_type=\"widget\" data-widget_type=\"spacer.default\">\n\t\t\t\t\t\t\t<div class=\"elementor-spacer\">\n\t\t\t<div class=\"elementor-spacer-inner\"><\/div>\n\t\t<\/div>\n\t\t\t\t\t\t<\/div>\n\t\t\t\t\t<\/div>\n\t\t\t\t<\/div>\n\t\t<div class=\"elementor-element elementor-element-fcf10ae e-flex e-con-boxed e-con e-parent\" data-id=\"fcf10ae\" data-element_type=\"container\">\n\t\t\t\t\t<div class=\"e-con-inner\">\n\t\t\t\t<div class=\"elementor-element elementor-element-d7bb481 elementor-widget elementor-widget-spacer\" data-id=\"d7bb481\" data-element_type=\"widget\" data-widget_type=\"spacer.default\">\n\t\t\t\t\t\t\t<div class=\"elementor-spacer\">\n\t\t\t<div class=\"elementor-spacer-inner\"><\/div>\n\t\t<\/div>\n\t\t\t\t\t\t<\/div>\n\t\t\t\t\t<\/div>\n\t\t\t\t<\/div>\n\t\t<div class=\"elementor-element elementor-element-d3229b1 e-flex e-con-boxed e-con e-parent\" data-id=\"d3229b1\" data-element_type=\"container\">\n\t\t\t\t\t<div class=\"e-con-inner\">\n\t\t\t\t<div class=\"elementor-element elementor-element-288f7ce elementor-widget elementor-widget-heading\" data-id=\"288f7ce\" data-element_type=\"widget\" data-widget_type=\"heading.default\">\n\t\t\t\t\t<h2 class=\"elementor-heading-title elementor-size-default\">Mergers and Acquisitions (M&amp;A)<\/h2>\t\t\t\t<\/div>\n\t\t\t\t\t<\/div>\n\t\t\t\t<\/div>\n\t\t<div class=\"elementor-element elementor-element-395da66 e-flex e-con-boxed e-con e-parent\" data-id=\"395da66\" data-element_type=\"container\">\n\t\t\t\t\t<div class=\"e-con-inner\">\n\t\t\t\t<div class=\"elementor-element elementor-element-8f6d572 elementor-widget elementor-widget-spacer\" data-id=\"8f6d572\" data-element_type=\"widget\" data-widget_type=\"spacer.default\">\n\t\t\t\t\t\t\t<div class=\"elementor-spacer\">\n\t\t\t<div class=\"elementor-spacer-inner\"><\/div>\n\t\t<\/div>\n\t\t\t\t\t\t<\/div>\n\t\t\t\t\t<\/div>\n\t\t\t\t<\/div>\n\t\t<div class=\"elementor-element elementor-element-7e29fe2 e-flex e-con-boxed e-con e-parent\" data-id=\"7e29fe2\" data-element_type=\"container\">\n\t\t\t\t\t<div class=\"e-con-inner\">\n\t\t\t\t<div class=\"elementor-element elementor-element-3891b34 elementor-widget elementor-widget-text-editor\" data-id=\"3891b34\" data-element_type=\"widget\" data-widget_type=\"text-editor.default\">\n\t\t\t\t\t\t\t\t\t<p>Corporate counseling to domestic and foreign companies in the\nstructuring and negotiation of transactions, collaborating with buyers\nand sellers in the acquisition of shares, businesses, assets and other\nrelated operations. Our advice also includes the structuring and\nexecution of mergers, spin-offs and other forms of corporate\nreorganization, as well as divestments.<\/p><p>Our extensive experience in due diligence reviews, involving all areas of\nour firm, allows us to perform an exhaustive diagnosis of the target\ncompany, identifying deal breakers and quantifying contingencies,\nproviding our clients a key tool for negotiation and decision-making.<\/p>\t\t\t\t\t\t\t\t<\/div>\n\t\t\t\t\t<\/div>\n\t\t\t\t<\/div>\n\t\t<div class=\"elementor-element elementor-element-b511eaa e-flex e-con-boxed e-con e-parent\" data-id=\"b511eaa\" data-element_type=\"container\">\n\t\t\t\t\t<div class=\"e-con-inner\">\n\t\t\t\t<div class=\"elementor-element elementor-element-7671e39 elementor-widget-divider--view-line elementor-widget elementor-widget-divider\" data-id=\"7671e39\" data-element_type=\"widget\" data-widget_type=\"divider.default\">\n\t\t\t\t\t\t\t<div class=\"elementor-divider\">\n\t\t\t<span class=\"elementor-divider-separator\">\n\t\t\t\t\t\t<\/span>\n\t\t<\/div>\n\t\t\t\t\t\t<\/div>\n\t\t\t\t\t<\/div>\n\t\t\t\t<\/div>\n\t\t\t\t<\/div>","protected":false},"excerpt":{"rendered":"<p>Fusiones y Adquisiciones (M&amp;A) Asesor\u00eda a empresas nacionales y extranjeras en la estructuraci\u00f3n y negociaci\u00f3n de transacciones colaborando con compradores y vendedores en la adquisici\u00f3n de acciones, negocios, activos y otras operaciones relacionadas. Asimismo nuestra asesor\u00eda comprende la estructuraci\u00f3n y ejecuci\u00f3n de procesos de fusi\u00f3n, escisi\u00f3n y otras formas de reorganizaciones societarias, as\u00ed como desinversiones. [&hellip;]<\/p>","protected":false},"author":1,"featured_media":0,"parent":0,"menu_order":0,"comment_status":"closed","ping_status":"closed","template":"elementor_header_footer","meta":{"footnotes":""},"class_list":["post-387","page","type-page","status-publish","hentry"],"rttpg_featured_image_url":null,"rttpg_author":{"display_name":"admin","author_link":"https:\/\/aguirreabogadosyasesores.com\/en\/author\/admin_2025\/"},"rttpg_comment":0,"rttpg_category":null,"rttpg_excerpt":"Fusiones y Adquisiciones (M&amp;A) Asesor\u00eda a empresas nacionales y extranjeras en la estructuraci\u00f3n y negociaci\u00f3n de transacciones colaborando con compradores y vendedores en la adquisici\u00f3n de acciones, negocios, activos y otras operaciones relacionadas. Asimismo nuestra asesor\u00eda comprende la estructuraci\u00f3n y ejecuci\u00f3n de procesos de fusi\u00f3n, escisi\u00f3n y otras formas de reorganizaciones societarias, as\u00ed como desinversiones.&hellip;","_links":{"self":[{"href":"https:\/\/aguirreabogadosyasesores.com\/en\/wp-json\/wp\/v2\/pages\/387","targetHints":{"allow":["GET"]}}],"collection":[{"href":"https:\/\/aguirreabogadosyasesores.com\/en\/wp-json\/wp\/v2\/pages"}],"about":[{"href":"https:\/\/aguirreabogadosyasesores.com\/en\/wp-json\/wp\/v2\/types\/page"}],"author":[{"embeddable":true,"href":"https:\/\/aguirreabogadosyasesores.com\/en\/wp-json\/wp\/v2\/users\/1"}],"replies":[{"embeddable":true,"href":"https:\/\/aguirreabogadosyasesores.com\/en\/wp-json\/wp\/v2\/comments?post=387"}],"version-history":[{"count":0,"href":"https:\/\/aguirreabogadosyasesores.com\/en\/wp-json\/wp\/v2\/pages\/387\/revisions"}],"wp:attachment":[{"href":"https:\/\/aguirreabogadosyasesores.com\/en\/wp-json\/wp\/v2\/media?parent=387"}],"curies":[{"name":"wp","href":"https:\/\/api.w.org\/{rel}","templated":true}]}}