{"id":392,"date":"2025-07-17T18:08:13","date_gmt":"2025-07-17T18:08:13","guid":{"rendered":"https:\/\/aguirreabogadosyasesores.com\/?page_id=392"},"modified":"2025-07-26T03:51:52","modified_gmt":"2025-07-26T03:51:52","slug":"franquicias","status":"publish","type":"page","link":"https:\/\/aguirreabogadosyasesores.com\/en\/franquicias\/","title":{"rendered":"Franchising"},"content":{"rendered":"<div data-elementor-type=\"wp-page\" data-elementor-id=\"392\" class=\"elementor elementor-392\" data-elementor-post-type=\"page\">\n\t\t\t\t<div class=\"elementor-element elementor-element-3ae24d2 e-flex e-con-boxed e-con e-parent\" data-id=\"3ae24d2\" data-element_type=\"container\" data-settings=\"{&quot;background_background&quot;:&quot;classic&quot;}\">\n\t\t\t\t\t<div class=\"e-con-inner\">\n\t\t\t\t<div class=\"elementor-element elementor-element-85a19c4 elementor-widget elementor-widget-spacer\" data-id=\"85a19c4\" data-element_type=\"widget\" data-widget_type=\"spacer.default\">\n\t\t\t\t\t\t\t<div class=\"elementor-spacer\">\n\t\t\t<div class=\"elementor-spacer-inner\"><\/div>\n\t\t<\/div>\n\t\t\t\t\t\t<\/div>\n\t\t\t\t\t<\/div>\n\t\t\t\t<\/div>\n\t\t<div class=\"elementor-element elementor-element-e599af2 e-flex e-con-boxed e-con e-parent\" data-id=\"e599af2\" data-element_type=\"container\">\n\t\t\t\t\t<div class=\"e-con-inner\">\n\t\t\t\t<div class=\"elementor-element elementor-element-4c9d781 elementor-widget elementor-widget-spacer\" data-id=\"4c9d781\" data-element_type=\"widget\" data-widget_type=\"spacer.default\">\n\t\t\t\t\t\t\t<div class=\"elementor-spacer\">\n\t\t\t<div class=\"elementor-spacer-inner\"><\/div>\n\t\t<\/div>\n\t\t\t\t\t\t<\/div>\n\t\t\t\t\t<\/div>\n\t\t\t\t<\/div>\n\t\t<div class=\"elementor-element elementor-element-fffffd7 e-flex e-con-boxed e-con e-parent\" data-id=\"fffffd7\" data-element_type=\"container\">\n\t\t\t\t\t<div class=\"e-con-inner\">\n\t\t\t\t<div class=\"elementor-element elementor-element-49e1cd7 elementor-widget elementor-widget-heading\" data-id=\"49e1cd7\" data-element_type=\"widget\" data-widget_type=\"heading.default\">\n\t\t\t\t\t<h2 class=\"elementor-heading-title elementor-size-default\">Franchising<\/h2>\t\t\t\t<\/div>\n\t\t\t\t\t<\/div>\n\t\t\t\t<\/div>\n\t\t<div class=\"elementor-element elementor-element-b316e72 e-flex e-con-boxed e-con e-parent\" data-id=\"b316e72\" data-element_type=\"container\">\n\t\t\t\t\t<div class=\"e-con-inner\">\n\t\t\t\t<div class=\"elementor-element elementor-element-67e9117 elementor-widget elementor-widget-spacer\" data-id=\"67e9117\" data-element_type=\"widget\" data-widget_type=\"spacer.default\">\n\t\t\t\t\t\t\t<div class=\"elementor-spacer\">\n\t\t\t<div class=\"elementor-spacer-inner\"><\/div>\n\t\t<\/div>\n\t\t\t\t\t\t<\/div>\n\t\t\t\t\t<\/div>\n\t\t\t\t<\/div>\n\t\t<div class=\"elementor-element elementor-element-24e544f e-flex e-con-boxed e-con e-parent\" data-id=\"24e544f\" data-element_type=\"container\">\n\t\t\t\t\t<div class=\"e-con-inner\">\n\t\t\t\t<div class=\"elementor-element elementor-element-2759b27 elementor-widget elementor-widget-text-editor\" data-id=\"2759b27\" data-element_type=\"widget\" data-widget_type=\"text-editor.default\">\n\t\t\t\t\t\t\t\t\t<p>We have participated in the structuring, negotiation and drafting of\nmajor franchise agreements in the last 20 years, advising franchisors\nand franchisees, both locally and internationally, including the most\nrepresentative international brands.<\/p><p>We advise our clients in each phase of the franchise process, from the\nconceptualization, start-up, to the improvement of the business\nconcept through the commercial launch and its national and\ninternational expansion.<\/p><p>In this sense, our vast experience in franchising includes:<\/p><ul><li>Structuring of franchises at national and international level, as well\nas advice on technology transfer.<\/li><li>Registration and protection of Intellectual Property.<\/li><li>Negotiation and drafting of franchise, distribution and licensing\nagreements.<\/li><li>Advice on reorganizations, renewals and termination of franchises.<br \/><br \/><\/li><\/ul><p>Our experience also includes legal advice in conflict resolution,\nlitigation, mediation and arbitration in franchise matters.<\/p>\t\t\t\t\t\t\t\t<\/div>\n\t\t\t\t\t<\/div>\n\t\t\t\t<\/div>\n\t\t<div class=\"elementor-element elementor-element-0728ecd e-flex e-con-boxed e-con e-parent\" data-id=\"0728ecd\" data-element_type=\"container\">\n\t\t\t\t\t<div class=\"e-con-inner\">\n\t\t\t\t<div class=\"elementor-element elementor-element-8e96841 elementor-widget-divider--view-line elementor-widget elementor-widget-divider\" data-id=\"8e96841\" data-element_type=\"widget\" data-widget_type=\"divider.default\">\n\t\t\t\t\t\t\t<div class=\"elementor-divider\">\n\t\t\t<span class=\"elementor-divider-separator\">\n\t\t\t\t\t\t<\/span>\n\t\t<\/div>\n\t\t\t\t\t\t<\/div>\n\t\t\t\t\t<\/div>\n\t\t\t\t<\/div>\n\t\t\t\t<\/div>","protected":false},"excerpt":{"rendered":"<p>Franquicias Hemos participado en la estructuraci\u00f3n, negociaci\u00f3n y elaboraci\u00f3n de los contratos de franquicia m\u00e1s importantes en los \u00faltimos 20 a\u00f1os, asesorando tanto a franquiciantes como franquiciados nacionales y extranjeros, incluyendo a las marcas m\u00e1s representativas a nivel internacional. Asesoramos a nuestros clientes en cada fase del proceso de franquicia, desde la conceptualizaci\u00f3n, puesta en [&hellip;]<\/p>","protected":false},"author":1,"featured_media":0,"parent":0,"menu_order":0,"comment_status":"closed","ping_status":"closed","template":"elementor_header_footer","meta":{"footnotes":""},"class_list":["post-392","page","type-page","status-publish","hentry"],"rttpg_featured_image_url":null,"rttpg_author":{"display_name":"admin","author_link":"https:\/\/aguirreabogadosyasesores.com\/en\/author\/admin_2025\/"},"rttpg_comment":0,"rttpg_category":null,"rttpg_excerpt":"Franquicias Hemos participado en la estructuraci\u00f3n, negociaci\u00f3n y elaboraci\u00f3n de los contratos de franquicia m\u00e1s importantes en los \u00faltimos 20 a\u00f1os, asesorando tanto a franquiciantes como franquiciados nacionales y extranjeros, incluyendo a las marcas m\u00e1s representativas a nivel internacional. Asesoramos a nuestros clientes en cada fase del proceso de franquicia, desde la conceptualizaci\u00f3n, puesta en&hellip;","_links":{"self":[{"href":"https:\/\/aguirreabogadosyasesores.com\/en\/wp-json\/wp\/v2\/pages\/392","targetHints":{"allow":["GET"]}}],"collection":[{"href":"https:\/\/aguirreabogadosyasesores.com\/en\/wp-json\/wp\/v2\/pages"}],"about":[{"href":"https:\/\/aguirreabogadosyasesores.com\/en\/wp-json\/wp\/v2\/types\/page"}],"author":[{"embeddable":true,"href":"https:\/\/aguirreabogadosyasesores.com\/en\/wp-json\/wp\/v2\/users\/1"}],"replies":[{"embeddable":true,"href":"https:\/\/aguirreabogadosyasesores.com\/en\/wp-json\/wp\/v2\/comments?post=392"}],"version-history":[{"count":0,"href":"https:\/\/aguirreabogadosyasesores.com\/en\/wp-json\/wp\/v2\/pages\/392\/revisions"}],"wp:attachment":[{"href":"https:\/\/aguirreabogadosyasesores.com\/en\/wp-json\/wp\/v2\/media?parent=392"}],"curies":[{"name":"wp","href":"https:\/\/api.w.org\/{rel}","templated":true}]}}