{"id":478,"date":"2025-07-21T20:21:14","date_gmt":"2025-07-21T20:21:14","guid":{"rendered":"https:\/\/aguirreabogadosyasesores.com\/?page_id=478"},"modified":"2025-08-03T20:24:57","modified_gmt":"2025-08-03T20:24:57","slug":"blog","status":"publish","type":"page","link":"https:\/\/aguirreabogadosyasesores.com\/en\/blog\/","title":{"rendered":"Blog"},"content":{"rendered":"<div data-elementor-type=\"wp-page\" data-elementor-id=\"478\" class=\"elementor elementor-478\" data-elementor-post-type=\"page\">\n\t\t\t\t<div class=\"elementor-element elementor-element-bbb9eed e-flex e-con-boxed e-con e-parent\" data-id=\"bbb9eed\" data-element_type=\"container\">\n\t\t\t\t\t<div class=\"e-con-inner\">\n\t\t\t\t<div class=\"elementor-element elementor-element-659f449 elementor-widget elementor-widget-heading\" data-id=\"659f449\" data-element_type=\"widget\" data-widget_type=\"heading.default\">\n\t\t\t\t\t<h2 class=\"elementor-heading-title elementor-size-default\">News<\/h2>\t\t\t\t<\/div>\n\t\t\t\t\t<\/div>\n\t\t\t\t<\/div>\n\t\t<div class=\"elementor-element elementor-element-c699c90 e-flex e-con-boxed e-con e-parent\" data-id=\"c699c90\" data-element_type=\"container\" data-settings=\"{&quot;background_background&quot;:&quot;classic&quot;}\">\n\t\t\t\t\t<div class=\"e-con-inner\">\n\t\t\t\t<div class=\"elementor-element elementor-element-e080747 meta-visibility-show title_position_default title_hover_border_default title-default img_hover_animation_default meta_position_default readmore-btn-default-style grid-hover-overlay-type-always tpg-el-box-border-enable tpg-border-bottom-disable elementor-widget elementor-widget-tpg-grid-layout\" data-id=\"e080747\" data-element_type=\"widget\" data-widget_type=\"tpg-grid-layout.default\">\n\t\t\t\t<div class=\"elementor-widget-container\">\n\t\t\t\t\t\t\t<div class=\"rt-container-fluid rt-tpg-container tpg-el-main-wrapper clearfix grid-layout4-main\"\n\t\t\t id=\"rt-tpg-container-1991051312\"\n\t\t\t data-layout=\"grid-layout4\"\n\t\t\t data-grid-style=\"tpg-full-height\"\n\t\t\t data-sc-id=\"elementor\"\n\t\t\t data-el-settings=''\n\t\t\t data-el-query=''\n\t\t\t data-el-path=''\n\t\t>\n\t\t\t\t\t\t<div class='tpg-header-wrapper'>\n\t\t\t\t\t\t\t<\/div>\n\n\t\t\t<div data-title=\"Loading ...\" class=\"rt-row rt-content-loader grid-layout4 grid-behaviour tpg-full-height grid_layout_wrapper\">\n\t\t\t\t\n<div class=\"rt-col-md-4 rt-col-sm-6 rt-col-xs-12 default rt-grid-item\" data-id=\"1080\">\n\t<div class=\"rt-holder tpg-post-holder\">\n\t\t<div class=\"rt-detail rt-el-content-wrapper\">\n\t\t\t\t\t\t\t<div class=\"rt-img-holder tpg-el-image-wrap has-thumbnail\">\n\t\t\t\t\t<a data-id=\"1080\" href=\"https:\/\/aguirreabogadosyasesores.com\/en\/2026\/03\/feria-internacional-de-franquicias-del-peru-fif-2026\/\" class=\"tpg-post-link\" target=\"_self\">                        <img fetchpriority=\"high\" decoding=\"async\" src=\"https:\/\/aguirreabogadosyasesores.com\/wp-content\/uploads\/2026\/03\/FIF-WA-2026-18.02.2026-VF-768x960.png\"\n                             class=\"rt-img-responsive\"\n                             width=\"768\"\n                             height=\"960\"\n                             alt=\"Feria Internacional de Franquicias del Per\u00fa (FIF 2026)\">\n\t\t\t\t\t\t\n\t\t\t\t\t\t\t\n\t\t<\/a>\n\t\t        <div class=\"overlay grid-hover-content\"><\/div>\n\t\t\t\t\t\t<\/div>\n\t\t\t\n\t\t\t<div class=\"entry-title-wrapper\"><h3 class=\"entry-title\"><a data-id=\"1080\" href=\"https:\/\/aguirreabogadosyasesores.com\/en\/2026\/03\/feria-internacional-de-franquicias-del-peru-fif-2026\/\" class=\"tpg-post-link\" target=\"_self\">Feria Internacional de Franquicias del Per\u00fa (FIF 2026)<\/a><\/h3><\/div>\n\t\t\t\t\t\t\t<div class=\"post-meta-tags rt-el-post-meta\">\n\t\t\t\t\t            <span class='date'>\n\t\t\t\t<i class='flaticon-calendar'><\/i>\t\t\t\t                    <a href=\"https:\/\/aguirreabogadosyasesores.com\/en\/2026\/03\/03\/\">\n\t\t\t\t\tMarch 3, 2026\t\t\t\t<\/a>\n\t\t\t\t\t\t\t<\/span>\n\t\t\t\t\t\t\t<\/div>\n\t\t\t\n\t\t\t\n\t\t\t        <div class=\"post-footer\">\n            <div class=\"post-footer\">\n                <div class=\"read-more\">\n\t\t\t\t\t<a data-id=\"1080\" href=\"https:\/\/aguirreabogadosyasesores.com\/en\/2026\/03\/feria-internacional-de-franquicias-del-peru-fif-2026\/\" class=\"tpg-post-link\" target=\"_self\">Read more<\/a>                <\/div>\n            <\/div>\n        <\/div>\n\t\t\t\t<\/div>\n\t<\/div>\n<\/div>\n\n<div class=\"rt-col-md-4 rt-col-sm-6 rt-col-xs-12 default rt-grid-item\" data-id=\"1077\">\n\t<div class=\"rt-holder tpg-post-holder\">\n\t\t<div class=\"rt-detail rt-el-content-wrapper\">\n\t\t\t\t\t\t\t<div class=\"rt-img-holder tpg-el-image-wrap has-thumbnail\">\n\t\t\t\t\t<a data-id=\"1077\" href=\"https:\/\/aguirreabogadosyasesores.com\/en\/2026\/03\/informativo-legal-mes-de-marzo-2026\/\" class=\"tpg-post-link\" target=\"_self\">                        <img decoding=\"async\" src=\"https:\/\/aguirreabogadosyasesores.com\/wp-content\/uploads\/2025\/07\/blog_02-768x576.png\"\n                             class=\"rt-img-responsive\"\n                             width=\"768\"\n                             height=\"576\"\n                             alt=\"Informativo Legal &#8211; Mes de Marzo 2026\">\n\t\t\t\t\t\t\n\t\t\t\t\t\t\t\n\t\t<\/a>\n\t\t        <div class=\"overlay grid-hover-content\"><\/div>\n\t\t\t\t\t\t<\/div>\n\t\t\t\n\t\t\t<div class=\"entry-title-wrapper\"><h3 class=\"entry-title\"><a data-id=\"1077\" href=\"https:\/\/aguirreabogadosyasesores.com\/en\/2026\/03\/informativo-legal-mes-de-marzo-2026\/\" class=\"tpg-post-link\" target=\"_self\">Informativo Legal &#8211; Mes de Marzo 2026<\/a><\/h3><\/div>\n\t\t\t\t\t\t\t<div class=\"post-meta-tags rt-el-post-meta\">\n\t\t\t\t\t            <span class='date'>\n\t\t\t\t<i class='flaticon-calendar'><\/i>\t\t\t\t                    <a href=\"https:\/\/aguirreabogadosyasesores.com\/en\/2026\/03\/03\/\">\n\t\t\t\t\tMarch 3, 2026\t\t\t\t<\/a>\n\t\t\t\t\t\t\t<\/span>\n\t\t\t\t\t\t\t<\/div>\n\t\t\t\n\t\t\t\n\t\t\t        <div class=\"post-footer\">\n            <div class=\"post-footer\">\n                <div class=\"read-more\">\n\t\t\t\t\t<a data-id=\"1077\" href=\"https:\/\/aguirreabogadosyasesores.com\/en\/2026\/03\/informativo-legal-mes-de-marzo-2026\/\" class=\"tpg-post-link\" target=\"_self\">Read more<\/a>                <\/div>\n            <\/div>\n        <\/div>\n\t\t\t\t<\/div>\n\t<\/div>\n<\/div>\n\n<div class=\"rt-col-md-4 rt-col-sm-6 rt-col-xs-12 default rt-grid-item\" data-id=\"1071\">\n\t<div class=\"rt-holder tpg-post-holder\">\n\t\t<div class=\"rt-detail rt-el-content-wrapper\">\n\t\t\t\t\t\t\t<div class=\"rt-img-holder tpg-el-image-wrap has-thumbnail\">\n\t\t\t\t\t<a data-id=\"1071\" href=\"https:\/\/aguirreabogadosyasesores.com\/en\/2026\/03\/prevencion-frente-al-hostigamiento-sexual-2\/\" class=\"tpg-post-link\" target=\"_self\">                        <img decoding=\"async\" src=\"https:\/\/aguirreabogadosyasesores.com\/wp-content\/uploads\/2026\/03\/sexual-768x513.jpg\"\n                             class=\"rt-img-responsive\"\n                             width=\"768\"\n                             height=\"513\"\n                             alt=\"Prevenci\u00f3n frente al hostigamiento sexual\">\n\t\t\t\t\t\t\n\t\t\t\t\t\t\t\n\t\t<\/a>\n\t\t        <div class=\"overlay grid-hover-content\"><\/div>\n\t\t\t\t\t\t<\/div>\n\t\t\t\n\t\t\t<div class=\"entry-title-wrapper\"><h3 class=\"entry-title\"><a data-id=\"1071\" href=\"https:\/\/aguirreabogadosyasesores.com\/en\/2026\/03\/prevencion-frente-al-hostigamiento-sexual-2\/\" class=\"tpg-post-link\" target=\"_self\">Prevenci\u00f3n frente al hostigamiento sexual<\/a><\/h3><\/div>\n\t\t\t\t\t\t\t<div class=\"post-meta-tags rt-el-post-meta\">\n\t\t\t\t\t            <span class='date'>\n\t\t\t\t<i class='flaticon-calendar'><\/i>\t\t\t\t                    <a href=\"https:\/\/aguirreabogadosyasesores.com\/en\/2026\/03\/03\/\">\n\t\t\t\t\tMarch 3, 2026\t\t\t\t<\/a>\n\t\t\t\t\t\t\t<\/span>\n\t\t\t\t\t\t\t<\/div>\n\t\t\t\n\t\t\t\n\t\t\t        <div class=\"post-footer\">\n            <div class=\"post-footer\">\n                <div class=\"read-more\">\n\t\t\t\t\t<a data-id=\"1071\" href=\"https:\/\/aguirreabogadosyasesores.com\/en\/2026\/03\/prevencion-frente-al-hostigamiento-sexual-2\/\" class=\"tpg-post-link\" target=\"_self\">Read more<\/a>                <\/div>\n            <\/div>\n        <\/div>\n\t\t\t\t<\/div>\n\t<\/div>\n<\/div>\n\n<div class=\"rt-col-md-4 rt-col-sm-6 rt-col-xs-12 default rt-grid-item\" data-id=\"1065\">\n\t<div class=\"rt-holder tpg-post-holder\">\n\t\t<div class=\"rt-detail rt-el-content-wrapper\">\n\t\t\t\t\t\t\t<div class=\"rt-img-holder tpg-el-image-wrap has-thumbnail\">\n\t\t\t\t\t<a data-id=\"1065\" href=\"https:\/\/aguirreabogadosyasesores.com\/en\/2026\/02\/informativo-legal-mes-de-febrero-2026\/\" class=\"tpg-post-link\" target=\"_self\">                        <img loading=\"lazy\" decoding=\"async\" src=\"https:\/\/aguirreabogadosyasesores.com\/wp-content\/uploads\/2025\/07\/blog_03-768x576.png\"\n                             class=\"rt-img-responsive\"\n                             width=\"768\"\n                             height=\"576\"\n                             alt=\"Informativo Legal &#8211; Mes de Febrero 2026\">\n\t\t\t\t\t\t\n\t\t\t\t\t\t\t\n\t\t<\/a>\n\t\t        <div class=\"overlay grid-hover-content\"><\/div>\n\t\t\t\t\t\t<\/div>\n\t\t\t\n\t\t\t<div class=\"entry-title-wrapper\"><h3 class=\"entry-title\"><a data-id=\"1065\" href=\"https:\/\/aguirreabogadosyasesores.com\/en\/2026\/02\/informativo-legal-mes-de-febrero-2026\/\" class=\"tpg-post-link\" target=\"_self\">Informativo Legal &#8211; Mes de Febrero 2026<\/a><\/h3><\/div>\n\t\t\t\t\t\t\t<div class=\"post-meta-tags rt-el-post-meta\">\n\t\t\t\t\t            <span class='date'>\n\t\t\t\t<i class='flaticon-calendar'><\/i>\t\t\t\t                    <a href=\"https:\/\/aguirreabogadosyasesores.com\/en\/2026\/02\/03\/\">\n\t\t\t\t\tFebruary 3, 2026\t\t\t\t<\/a>\n\t\t\t\t\t\t\t<\/span>\n\t\t\t\t\t\t\t<\/div>\n\t\t\t\n\t\t\t\n\t\t\t        <div class=\"post-footer\">\n            <div class=\"post-footer\">\n                <div class=\"read-more\">\n\t\t\t\t\t<a data-id=\"1065\" href=\"https:\/\/aguirreabogadosyasesores.com\/en\/2026\/02\/informativo-legal-mes-de-febrero-2026\/\" class=\"tpg-post-link\" target=\"_self\">Read more<\/a>                <\/div>\n            <\/div>\n        <\/div>\n\t\t\t\t<\/div>\n\t<\/div>\n<\/div>\n\n<div class=\"rt-col-md-4 rt-col-sm-6 rt-col-xs-12 default rt-grid-item\" data-id=\"1061\">\n\t<div class=\"rt-holder tpg-post-holder\">\n\t\t<div class=\"rt-detail rt-el-content-wrapper\">\n\t\t\t\t\t\t\t<div class=\"rt-img-holder tpg-el-image-wrap has-thumbnail\">\n\t\t\t\t\t<a data-id=\"1061\" href=\"https:\/\/aguirreabogadosyasesores.com\/en\/2026\/01\/informativo-legal-mes-de-enero-2026\/\" class=\"tpg-post-link\" target=\"_self\">                        <img loading=\"lazy\" decoding=\"async\" src=\"https:\/\/aguirreabogadosyasesores.com\/wp-content\/uploads\/2025\/07\/blog_02-768x576.png\"\n                             class=\"rt-img-responsive\"\n                             width=\"768\"\n                             height=\"576\"\n                             alt=\"Informativo Legal &#8211; Mes de Enero 2026\">\n\t\t\t\t\t\t\n\t\t\t\t\t\t\t\n\t\t<\/a>\n\t\t        <div class=\"overlay grid-hover-content\"><\/div>\n\t\t\t\t\t\t<\/div>\n\t\t\t\n\t\t\t<div class=\"entry-title-wrapper\"><h3 class=\"entry-title\"><a data-id=\"1061\" href=\"https:\/\/aguirreabogadosyasesores.com\/en\/2026\/01\/informativo-legal-mes-de-enero-2026\/\" class=\"tpg-post-link\" target=\"_self\">Informativo Legal &#8211; Mes de Enero 2026<\/a><\/h3><\/div>\n\t\t\t\t\t\t\t<div class=\"post-meta-tags rt-el-post-meta\">\n\t\t\t\t\t            <span class='date'>\n\t\t\t\t<i class='flaticon-calendar'><\/i>\t\t\t\t                    <a href=\"https:\/\/aguirreabogadosyasesores.com\/en\/2026\/01\/05\/\">\n\t\t\t\t\tJanuary 5, 2026\t\t\t\t<\/a>\n\t\t\t\t\t\t\t<\/span>\n\t\t\t\t\t\t\t<\/div>\n\t\t\t\n\t\t\t\n\t\t\t        <div class=\"post-footer\">\n            <div class=\"post-footer\">\n                <div class=\"read-more\">\n\t\t\t\t\t<a data-id=\"1061\" href=\"https:\/\/aguirreabogadosyasesores.com\/en\/2026\/01\/informativo-legal-mes-de-enero-2026\/\" class=\"tpg-post-link\" target=\"_self\">Read more<\/a>                <\/div>\n            <\/div>\n        <\/div>\n\t\t\t\t<\/div>\n\t<\/div>\n<\/div>\n\n<div class=\"rt-col-md-4 rt-col-sm-6 rt-col-xs-12 default rt-grid-item\" data-id=\"1052\">\n\t<div class=\"rt-holder tpg-post-holder\">\n\t\t<div class=\"rt-detail rt-el-content-wrapper\">\n\t\t\t\t\t\t\t<div class=\"rt-img-holder tpg-el-image-wrap has-thumbnail\">\n\t\t\t\t\t<a data-id=\"1052\" href=\"https:\/\/aguirreabogadosyasesores.com\/en\/2025\/12\/unifrutti-group-concreto-adquisicion-de-safco\/\" class=\"tpg-post-link\" target=\"_self\">                        <img loading=\"lazy\" decoding=\"async\" src=\"https:\/\/aguirreabogadosyasesores.com\/wp-content\/uploads\/2025\/12\/AAA-Publicacion-Unifrutti-3-18.12.25-1.jpg\"\n                             class=\"rt-img-responsive\"\n                             width=\"443\"\n                             height=\"198\"\n                             alt=\"Unifrutti Group concret\u00f3 adquisici\u00f3n de Safco\">\n\t\t\t\t\t\t\n\t\t\t\t\t\t\t\n\t\t<\/a>\n\t\t        <div class=\"overlay grid-hover-content\"><\/div>\n\t\t\t\t\t\t<\/div>\n\t\t\t\n\t\t\t<div class=\"entry-title-wrapper\"><h3 class=\"entry-title\"><a data-id=\"1052\" href=\"https:\/\/aguirreabogadosyasesores.com\/en\/2025\/12\/unifrutti-group-concreto-adquisicion-de-safco\/\" class=\"tpg-post-link\" target=\"_self\">Unifrutti Group concret\u00f3 adquisici\u00f3n de Safco<\/a><\/h3><\/div>\n\t\t\t\t\t\t\t<div class=\"post-meta-tags rt-el-post-meta\">\n\t\t\t\t\t            <span class='date'>\n\t\t\t\t<i class='flaticon-calendar'><\/i>\t\t\t\t                    <a href=\"https:\/\/aguirreabogadosyasesores.com\/en\/2025\/12\/19\/\">\n\t\t\t\t\tDecember 19, 2025\t\t\t\t<\/a>\n\t\t\t\t\t\t\t<\/span>\n\t\t\t\t\t\t\t<\/div>\n\t\t\t\n\t\t\t\n\t\t\t        <div class=\"post-footer\">\n            <div class=\"post-footer\">\n                <div class=\"read-more\">\n\t\t\t\t\t<a data-id=\"1052\" href=\"https:\/\/aguirreabogadosyasesores.com\/en\/2025\/12\/unifrutti-group-concreto-adquisicion-de-safco\/\" class=\"tpg-post-link\" target=\"_self\">Read more<\/a>                <\/div>\n            <\/div>\n        <\/div>\n\t\t\t\t<\/div>\n\t<\/div>\n<\/div>\n\n<div class=\"rt-col-md-4 rt-col-sm-6 rt-col-xs-12 default rt-grid-item\" data-id=\"1034\">\n\t<div class=\"rt-holder tpg-post-holder\">\n\t\t<div class=\"rt-detail rt-el-content-wrapper\">\n\t\t\t\t\t\t\t<div class=\"rt-img-holder tpg-el-image-wrap has-thumbnail\">\n\t\t\t\t\t<a data-id=\"1034\" href=\"https:\/\/aguirreabogadosyasesores.com\/en\/2025\/12\/suiza-holcim-adquirira-cementos-pacasmayo\/\" class=\"tpg-post-link\" target=\"_self\">                        <img loading=\"lazy\" decoding=\"async\" src=\"https:\/\/aguirreabogadosyasesores.com\/wp-content\/uploads\/2025\/12\/AAA-Noticia-Pacasmayo-18.12.2025-768x435.png\"\n                             class=\"rt-img-responsive\"\n                             width=\"768\"\n                             height=\"435\"\n                             alt=\"Holcim adquiere Cementos Pacasmayo\">\n\t\t\t\t\t\t\n\t\t\t\t\t\t\t\n\t\t<\/a>\n\t\t        <div class=\"overlay grid-hover-content\"><\/div>\n\t\t\t\t\t\t<\/div>\n\t\t\t\n\t\t\t<div class=\"entry-title-wrapper\"><h3 class=\"entry-title\"><a data-id=\"1034\" href=\"https:\/\/aguirreabogadosyasesores.com\/en\/2025\/12\/suiza-holcim-adquirira-cementos-pacasmayo\/\" class=\"tpg-post-link\" target=\"_self\">Holcim adquiere Cementos Pacasmayo<\/a><\/h3><\/div>\n\t\t\t\t\t\t\t<div class=\"post-meta-tags rt-el-post-meta\">\n\t\t\t\t\t            <span class='date'>\n\t\t\t\t<i class='flaticon-calendar'><\/i>\t\t\t\t                    <a href=\"https:\/\/aguirreabogadosyasesores.com\/en\/2025\/12\/17\/\">\n\t\t\t\t\tDecember 17, 2025\t\t\t\t<\/a>\n\t\t\t\t\t\t\t<\/span>\n\t\t\t\t\t\t\t<\/div>\n\t\t\t\n\t\t\t\n\t\t\t        <div class=\"post-footer\">\n            <div class=\"post-footer\">\n                <div class=\"read-more\">\n\t\t\t\t\t<a data-id=\"1034\" href=\"https:\/\/aguirreabogadosyasesores.com\/en\/2025\/12\/suiza-holcim-adquirira-cementos-pacasmayo\/\" class=\"tpg-post-link\" target=\"_self\">Read more<\/a>                <\/div>\n            <\/div>\n        <\/div>\n\t\t\t\t<\/div>\n\t<\/div>\n<\/div>\n\n<div class=\"rt-col-md-4 rt-col-sm-6 rt-col-xs-12 default rt-grid-item\" data-id=\"1030\">\n\t<div class=\"rt-holder tpg-post-holder\">\n\t\t<div class=\"rt-detail rt-el-content-wrapper\">\n\t\t\t\t\t\t\t<div class=\"rt-img-holder tpg-el-image-wrap has-thumbnail\">\n\t\t\t\t\t<a data-id=\"1030\" href=\"https:\/\/aguirreabogadosyasesores.com\/en\/2025\/12\/informativo-legal-diciembre-2025\/\" class=\"tpg-post-link\" target=\"_self\">                        <img loading=\"lazy\" decoding=\"async\" src=\"https:\/\/aguirreabogadosyasesores.com\/wp-content\/uploads\/2025\/07\/blog_02-768x576.png\"\n                             class=\"rt-img-responsive\"\n                             width=\"768\"\n                             height=\"576\"\n                             alt=\"Informativo Legal &#8211; Mes de Diciembre 2025\">\n\t\t\t\t\t\t\n\t\t\t\t\t\t\t\n\t\t<\/a>\n\t\t        <div class=\"overlay grid-hover-content\"><\/div>\n\t\t\t\t\t\t<\/div>\n\t\t\t\n\t\t\t<div class=\"entry-title-wrapper\"><h3 class=\"entry-title\"><a data-id=\"1030\" href=\"https:\/\/aguirreabogadosyasesores.com\/en\/2025\/12\/informativo-legal-diciembre-2025\/\" class=\"tpg-post-link\" target=\"_self\">Informativo Legal &#8211; Mes de Diciembre 2025<\/a><\/h3><\/div>\n\t\t\t\t\t\t\t<div class=\"post-meta-tags rt-el-post-meta\">\n\t\t\t\t\t            <span class='date'>\n\t\t\t\t<i class='flaticon-calendar'><\/i>\t\t\t\t                    <a href=\"https:\/\/aguirreabogadosyasesores.com\/en\/2025\/12\/17\/\">\n\t\t\t\t\tDecember 17, 2025\t\t\t\t<\/a>\n\t\t\t\t\t\t\t<\/span>\n\t\t\t\t\t\t\t<\/div>\n\t\t\t\n\t\t\t\n\t\t\t        <div class=\"post-footer\">\n            <div class=\"post-footer\">\n                <div class=\"read-more\">\n\t\t\t\t\t<a data-id=\"1030\" href=\"https:\/\/aguirreabogadosyasesores.com\/en\/2025\/12\/informativo-legal-diciembre-2025\/\" class=\"tpg-post-link\" target=\"_self\">Read more<\/a>                <\/div>\n            <\/div>\n        <\/div>\n\t\t\t\t<\/div>\n\t<\/div>\n<\/div>\n\n<div class=\"rt-col-md-4 rt-col-sm-6 rt-col-xs-12 default rt-grid-item\" data-id=\"1028\">\n\t<div class=\"rt-holder tpg-post-holder\">\n\t\t<div class=\"rt-detail rt-el-content-wrapper\">\n\t\t\t\t\t\t\t<div class=\"rt-img-holder tpg-el-image-wrap has-thumbnail\">\n\t\t\t\t\t<a data-id=\"1028\" href=\"https:\/\/aguirreabogadosyasesores.com\/en\/2025\/12\/alerta-laboral-2\/\" class=\"tpg-post-link\" target=\"_self\">                        <img loading=\"lazy\" decoding=\"async\" src=\"https:\/\/aguirreabogadosyasesores.com\/wp-content\/uploads\/2025\/07\/blog_01-768x576.png\"\n                             class=\"rt-img-responsive\"\n                             width=\"768\"\n                             height=\"576\"\n                             alt=\"Alerta Laboral &#8211; Gratificaci\u00f3n Legal por Navidad\">\n\t\t\t\t\t\t\n\t\t\t\t\t\t\t\n\t\t<\/a>\n\t\t        <div class=\"overlay grid-hover-content\"><\/div>\n\t\t\t\t\t\t<\/div>\n\t\t\t\n\t\t\t<div class=\"entry-title-wrapper\"><h3 class=\"entry-title\"><a data-id=\"1028\" href=\"https:\/\/aguirreabogadosyasesores.com\/en\/2025\/12\/alerta-laboral-2\/\" class=\"tpg-post-link\" target=\"_self\">Alerta Laboral &#8211; Gratificaci\u00f3n Legal por Navidad<\/a><\/h3><\/div>\n\t\t\t\t\t\t\t<div class=\"post-meta-tags rt-el-post-meta\">\n\t\t\t\t\t            <span class='date'>\n\t\t\t\t<i class='flaticon-calendar'><\/i>\t\t\t\t                    <a href=\"https:\/\/aguirreabogadosyasesores.com\/en\/2025\/12\/17\/\">\n\t\t\t\t\tDecember 17, 2025\t\t\t\t<\/a>\n\t\t\t\t\t\t\t<\/span>\n\t\t\t\t\t\t\t<\/div>\n\t\t\t\n\t\t\t\n\t\t\t        <div class=\"post-footer\">\n            <div class=\"post-footer\">\n                <div class=\"read-more\">\n\t\t\t\t\t<a data-id=\"1028\" href=\"https:\/\/aguirreabogadosyasesores.com\/en\/2025\/12\/alerta-laboral-2\/\" class=\"tpg-post-link\" target=\"_self\">Read more<\/a>                <\/div>\n            <\/div>\n        <\/div>\n\t\t\t\t<\/div>\n\t<\/div>\n<\/div>\n\t\t\t<\/div>\n\t\t\t\n\t\t<\/div>\n\t\t\t\t\t\t<\/div>\n\t\t\t\t<\/div>\n\t\t\t\t\t<\/div>\n\t\t\t\t<\/div>\n\t\t\t\t<\/div>","protected":false},"excerpt":{"rendered":"<p>Noticias &amp; Actualidad Prevenci\u00f3n Frente Al Hostigamiento Sexual julio 21, 2025 Leer m\u00e1s World Franchise Day julio 21, 2025 Leer m\u00e1s Informativo Legal \u2013 Julio 2025 julio 21, 2025 Leer m\u00e1s<\/p>","protected":false},"author":1,"featured_media":0,"parent":0,"menu_order":0,"comment_status":"closed","ping_status":"closed","template":"elementor_header_footer","meta":{"footnotes":""},"class_list":["post-478","page","type-page","status-publish","hentry"],"rttpg_featured_image_url":null,"rttpg_author":{"display_name":"admin","author_link":"https:\/\/aguirreabogadosyasesores.com\/en\/author\/admin_2025\/"},"rttpg_comment":0,"rttpg_category":"","rttpg_excerpt":"Noticias &amp; Actualidad Prevenci\u00f3n Frente Al Hostigamiento Sexual julio 21, 2025 Leer m\u00e1s World Franchise Day julio 21, 2025 Leer m\u00e1s Informativo Legal \u2013 Julio 2025 julio 21, 2025 Leer m\u00e1s","_links":{"self":[{"href":"https:\/\/aguirreabogadosyasesores.com\/en\/wp-json\/wp\/v2\/pages\/478","targetHints":{"allow":["GET"]}}],"collection":[{"href":"https:\/\/aguirreabogadosyasesores.com\/en\/wp-json\/wp\/v2\/pages"}],"about":[{"href":"https:\/\/aguirreabogadosyasesores.com\/en\/wp-json\/wp\/v2\/types\/page"}],"author":[{"embeddable":true,"href":"https:\/\/aguirreabogadosyasesores.com\/en\/wp-json\/wp\/v2\/users\/1"}],"replies":[{"embeddable":true,"href":"https:\/\/aguirreabogadosyasesores.com\/en\/wp-json\/wp\/v2\/comments?post=478"}],"version-history":[{"count":0,"href":"https:\/\/aguirreabogadosyasesores.com\/en\/wp-json\/wp\/v2\/pages\/478\/revisions"}],"wp:attachment":[{"href":"https:\/\/aguirreabogadosyasesores.com\/en\/wp-json\/wp\/v2\/media?parent=478"}],"curies":[{"name":"wp","href":"https:\/\/api.w.org\/{rel}","templated":true}]}}