{"id":519,"date":"2025-07-21T21:29:12","date_gmt":"2025-07-21T21:29:12","guid":{"rendered":"https:\/\/aguirreabogadosyasesores.com\/?page_id=519"},"modified":"2025-07-26T03:52:12","modified_gmt":"2025-07-26T03:52:12","slug":"landing-corporativo","status":"publish","type":"page","link":"https:\/\/aguirreabogadosyasesores.com\/en\/landing-corporativo\/","title":{"rendered":"Corporate Landing"},"content":{"rendered":"<div data-elementor-type=\"wp-page\" data-elementor-id=\"519\" class=\"elementor elementor-519\" data-elementor-post-type=\"page\">\n\t\t\t\t<div class=\"elementor-element elementor-element-64201da e-flex e-con-boxed e-con e-parent\" data-id=\"64201da\" data-element_type=\"container\" data-settings=\"{&quot;background_background&quot;:&quot;classic&quot;}\">\n\t\t\t\t\t<div class=\"e-con-inner\">\n\t\t\t\t<div class=\"elementor-element elementor-element-bf4cb5e elementor-widget elementor-widget-spacer\" data-id=\"bf4cb5e\" data-element_type=\"widget\" data-widget_type=\"spacer.default\">\n\t\t\t\t\t\t\t<div class=\"elementor-spacer\">\n\t\t\t<div class=\"elementor-spacer-inner\"><\/div>\n\t\t<\/div>\n\t\t\t\t\t\t<\/div>\n\t\t\t\t\t<\/div>\n\t\t\t\t<\/div>\n\t\t<div class=\"elementor-element elementor-element-bb71b30 e-flex e-con-boxed e-con e-parent\" data-id=\"bb71b30\" data-element_type=\"container\">\n\t\t\t\t\t<div class=\"e-con-inner\">\n\t\t\t\t<div class=\"elementor-element elementor-element-9740a6c elementor-widget elementor-widget-spacer\" data-id=\"9740a6c\" data-element_type=\"widget\" data-widget_type=\"spacer.default\">\n\t\t\t\t\t\t\t<div class=\"elementor-spacer\">\n\t\t\t<div class=\"elementor-spacer-inner\"><\/div>\n\t\t<\/div>\n\t\t\t\t\t\t<\/div>\n\t\t\t\t\t<\/div>\n\t\t\t\t<\/div>\n\t\t<div class=\"elementor-element elementor-element-566e869 e-flex e-con-boxed e-con e-parent\" data-id=\"566e869\" data-element_type=\"container\">\n\t\t\t\t\t<div class=\"e-con-inner\">\n\t\t\t\t<div class=\"elementor-element elementor-element-a2f7aaf elementor-widget elementor-widget-heading\" data-id=\"a2f7aaf\" data-element_type=\"widget\" data-widget_type=\"heading.default\">\n\t\t\t\t\t<h2 class=\"elementor-heading-title elementor-size-default\">Corporate Landing<\/h2>\t\t\t\t<\/div>\n\t\t\t\t\t<\/div>\n\t\t\t\t<\/div>\n\t\t<div class=\"elementor-element elementor-element-5da35e0 e-flex e-con-boxed e-con e-parent\" data-id=\"5da35e0\" data-element_type=\"container\">\n\t\t\t\t\t<div class=\"e-con-inner\">\n\t\t\t\t<div class=\"elementor-element elementor-element-62e9318 elementor-widget elementor-widget-spacer\" data-id=\"62e9318\" data-element_type=\"widget\" data-widget_type=\"spacer.default\">\n\t\t\t\t\t\t\t<div class=\"elementor-spacer\">\n\t\t\t<div class=\"elementor-spacer-inner\"><\/div>\n\t\t<\/div>\n\t\t\t\t\t\t<\/div>\n\t\t\t\t\t<\/div>\n\t\t\t\t<\/div>\n\t\t<div class=\"elementor-element elementor-element-d046dc8 e-flex e-con-boxed e-con e-parent\" data-id=\"d046dc8\" data-element_type=\"container\">\n\t\t\t\t\t<div class=\"e-con-inner\">\n\t\t\t\t<div class=\"elementor-element elementor-element-be50393 elementor-widget elementor-widget-text-editor\" data-id=\"be50393\" data-element_type=\"widget\" data-widget_type=\"text-editor.default\">\n\t\t\t\t\t\t\t\t\t<p>We specialize in providing comprehensive advice to foreign companies\nstarting activities in Peru.<\/p><p>During the initial stage our Firm provides the services of legal\nrepresentation, management, accounting and payroll outsourcing, as\nwell as the use of a fiscal and commercial address and advice for the\ncompliance of other formal requirements of the new Peruvian legal\nentity.<\/p>\t\t\t\t\t\t\t\t<\/div>\n\t\t\t\t\t<\/div>\n\t\t\t\t<\/div>\n\t\t<div class=\"elementor-element elementor-element-0862b28 e-flex e-con-boxed e-con e-parent\" data-id=\"0862b28\" data-element_type=\"container\">\n\t\t\t\t\t<div class=\"e-con-inner\">\n\t\t\t\t<div class=\"elementor-element elementor-element-c1350a7 elementor-widget-divider--view-line elementor-widget elementor-widget-divider\" data-id=\"c1350a7\" data-element_type=\"widget\" data-widget_type=\"divider.default\">\n\t\t\t\t\t\t\t<div class=\"elementor-divider\">\n\t\t\t<span class=\"elementor-divider-separator\">\n\t\t\t\t\t\t<\/span>\n\t\t<\/div>\n\t\t\t\t\t\t<\/div>\n\t\t\t\t\t<\/div>\n\t\t\t\t<\/div>\n\t\t\t\t<\/div>","protected":false},"excerpt":{"rendered":"<p>Landing Corporativo Nos especializamos en brindar una asesor\u00eda integral a las empresas extranjeras que inician actividades en el Per\u00fa. Durante la etapa inicial nuestra Firma proporciona los servicios de representaci\u00f3n legal, gerenciamiento, outsourcing contable y de planillas, as\u00ed como el uso de una direcci\u00f3n fiscal y comercial y la asesor\u00eda para el cumplimiento de otros [&hellip;]<\/p>","protected":false},"author":1,"featured_media":0,"parent":0,"menu_order":0,"comment_status":"closed","ping_status":"closed","template":"elementor_header_footer","meta":{"footnotes":""},"class_list":["post-519","page","type-page","status-publish","hentry"],"rttpg_featured_image_url":null,"rttpg_author":{"display_name":"admin","author_link":"https:\/\/aguirreabogadosyasesores.com\/en\/author\/admin_2025\/"},"rttpg_comment":0,"rttpg_category":null,"rttpg_excerpt":"Landing Corporativo Nos especializamos en brindar una asesor\u00eda integral a las empresas extranjeras que inician actividades en el Per\u00fa. Durante la etapa inicial nuestra Firma proporciona los servicios de representaci\u00f3n legal, gerenciamiento, outsourcing contable y de planillas, as\u00ed como el uso de una direcci\u00f3n fiscal y comercial y la asesor\u00eda para el cumplimiento de otros&hellip;","_links":{"self":[{"href":"https:\/\/aguirreabogadosyasesores.com\/en\/wp-json\/wp\/v2\/pages\/519","targetHints":{"allow":["GET"]}}],"collection":[{"href":"https:\/\/aguirreabogadosyasesores.com\/en\/wp-json\/wp\/v2\/pages"}],"about":[{"href":"https:\/\/aguirreabogadosyasesores.com\/en\/wp-json\/wp\/v2\/types\/page"}],"author":[{"embeddable":true,"href":"https:\/\/aguirreabogadosyasesores.com\/en\/wp-json\/wp\/v2\/users\/1"}],"replies":[{"embeddable":true,"href":"https:\/\/aguirreabogadosyasesores.com\/en\/wp-json\/wp\/v2\/comments?post=519"}],"version-history":[{"count":0,"href":"https:\/\/aguirreabogadosyasesores.com\/en\/wp-json\/wp\/v2\/pages\/519\/revisions"}],"wp:attachment":[{"href":"https:\/\/aguirreabogadosyasesores.com\/en\/wp-json\/wp\/v2\/media?parent=519"}],"curies":[{"name":"wp","href":"https:\/\/api.w.org\/{rel}","templated":true}]}}