{"id":527,"date":"2025-07-21T21:34:43","date_gmt":"2025-07-21T21:34:43","guid":{"rendered":"https:\/\/aguirreabogadosyasesores.com\/?page_id=527"},"modified":"2025-07-26T03:53:29","modified_gmt":"2025-07-26T03:53:29","slug":"planificacion-de-altos-patrimonios","status":"publish","type":"page","link":"https:\/\/aguirreabogadosyasesores.com\/en\/planificacion-de-altos-patrimonios\/","title":{"rendered":"Wealth Management"},"content":{"rendered":"<div data-elementor-type=\"wp-page\" data-elementor-id=\"527\" class=\"elementor elementor-527\" data-elementor-post-type=\"page\">\n\t\t\t\t<div class=\"elementor-element elementor-element-2c4006c e-flex e-con-boxed e-con e-parent\" data-id=\"2c4006c\" data-element_type=\"container\" data-settings=\"{&quot;background_background&quot;:&quot;classic&quot;}\">\n\t\t\t\t\t<div class=\"e-con-inner\">\n\t\t\t\t<div class=\"elementor-element elementor-element-f7f1c23 elementor-widget elementor-widget-spacer\" data-id=\"f7f1c23\" data-element_type=\"widget\" data-widget_type=\"spacer.default\">\n\t\t\t\t\t\t\t<div class=\"elementor-spacer\">\n\t\t\t<div class=\"elementor-spacer-inner\"><\/div>\n\t\t<\/div>\n\t\t\t\t\t\t<\/div>\n\t\t\t\t\t<\/div>\n\t\t\t\t<\/div>\n\t\t<div class=\"elementor-element elementor-element-742dd70 e-flex e-con-boxed e-con e-parent\" data-id=\"742dd70\" data-element_type=\"container\">\n\t\t\t\t\t<div class=\"e-con-inner\">\n\t\t\t\t<div class=\"elementor-element elementor-element-191dfa2 elementor-widget elementor-widget-spacer\" data-id=\"191dfa2\" data-element_type=\"widget\" data-widget_type=\"spacer.default\">\n\t\t\t\t\t\t\t<div class=\"elementor-spacer\">\n\t\t\t<div class=\"elementor-spacer-inner\"><\/div>\n\t\t<\/div>\n\t\t\t\t\t\t<\/div>\n\t\t\t\t\t<\/div>\n\t\t\t\t<\/div>\n\t\t<div class=\"elementor-element elementor-element-a4854e2 e-flex e-con-boxed e-con e-parent\" data-id=\"a4854e2\" data-element_type=\"container\">\n\t\t\t\t\t<div class=\"e-con-inner\">\n\t\t\t\t<div class=\"elementor-element elementor-element-fbe01de elementor-widget elementor-widget-heading\" data-id=\"fbe01de\" data-element_type=\"widget\" data-widget_type=\"heading.default\">\n\t\t\t\t\t<h2 class=\"elementor-heading-title elementor-size-default\">Wealth Management<\/h2>\t\t\t\t<\/div>\n\t\t\t\t\t<\/div>\n\t\t\t\t<\/div>\n\t\t<div class=\"elementor-element elementor-element-61bc011 e-flex e-con-boxed e-con e-parent\" data-id=\"61bc011\" data-element_type=\"container\">\n\t\t\t\t\t<div class=\"e-con-inner\">\n\t\t\t\t<div class=\"elementor-element elementor-element-9dce77d elementor-widget elementor-widget-spacer\" data-id=\"9dce77d\" data-element_type=\"widget\" data-widget_type=\"spacer.default\">\n\t\t\t\t\t\t\t<div class=\"elementor-spacer\">\n\t\t\t<div class=\"elementor-spacer-inner\"><\/div>\n\t\t<\/div>\n\t\t\t\t\t\t<\/div>\n\t\t\t\t\t<\/div>\n\t\t\t\t<\/div>\n\t\t<div class=\"elementor-element elementor-element-3c72b51 e-flex e-con-boxed e-con e-parent\" data-id=\"3c72b51\" data-element_type=\"container\">\n\t\t\t\t\t<div class=\"e-con-inner\">\n\t\t\t\t<div class=\"elementor-element elementor-element-3bb3905 elementor-widget elementor-widget-text-editor\" data-id=\"3bb3905\" data-element_type=\"widget\" data-widget_type=\"text-editor.default\">\n\t\t\t\t\t\t\t\t\t<p>Our services include legal advice for the management and protection\nof high net worth individuals and businesses, attending to the personal\nand financial needs of our clients through the establishment of\ncustomized legal structures for the management, tax efficiency,\nprotection and preservation of all their assets and businesses.<\/p>\t\t\t\t\t\t\t\t<\/div>\n\t\t\t\t\t<\/div>\n\t\t\t\t<\/div>\n\t\t<div class=\"elementor-element elementor-element-b1cfb44 e-flex e-con-boxed e-con e-parent\" data-id=\"b1cfb44\" data-element_type=\"container\">\n\t\t\t\t\t<div class=\"e-con-inner\">\n\t\t\t\t<div class=\"elementor-element elementor-element-1411461 elementor-widget-divider--view-line elementor-widget elementor-widget-divider\" data-id=\"1411461\" data-element_type=\"widget\" data-widget_type=\"divider.default\">\n\t\t\t\t\t\t\t<div class=\"elementor-divider\">\n\t\t\t<span class=\"elementor-divider-separator\">\n\t\t\t\t\t\t<\/span>\n\t\t<\/div>\n\t\t\t\t\t\t<\/div>\n\t\t\t\t\t<\/div>\n\t\t\t\t<\/div>\n\t\t\t\t<\/div>","protected":false},"excerpt":{"rendered":"<p>Planificaci\u00f3n de Altos Patrimonios Nuestros servicios abarcan la asesor\u00eda jur\u00eddica para la administraci\u00f3n y protecci\u00f3n de altos patrimonios, atendiendo a las necesidades personales y financieras de nuestros clientes a trav\u00e9s del establecimiento de estructuras jur\u00eddicas personalizadas para la gesti\u00f3n, eficiencia fiscal, protecci\u00f3n y preservaci\u00f3n de todos sus activos y negocios.<\/p>","protected":false},"author":1,"featured_media":0,"parent":0,"menu_order":0,"comment_status":"closed","ping_status":"closed","template":"elementor_header_footer","meta":{"footnotes":""},"class_list":["post-527","page","type-page","status-publish","hentry"],"rttpg_featured_image_url":null,"rttpg_author":{"display_name":"admin","author_link":"https:\/\/aguirreabogadosyasesores.com\/en\/author\/admin_2025\/"},"rttpg_comment":0,"rttpg_category":null,"rttpg_excerpt":"Planificaci\u00f3n de Altos Patrimonios Nuestros servicios abarcan la asesor\u00eda jur\u00eddica para la administraci\u00f3n y protecci\u00f3n de altos patrimonios, atendiendo a las necesidades personales y financieras de nuestros clientes a trav\u00e9s del establecimiento de estructuras jur\u00eddicas personalizadas para la gesti\u00f3n, eficiencia fiscal, protecci\u00f3n y preservaci\u00f3n de todos sus activos y negocios.","_links":{"self":[{"href":"https:\/\/aguirreabogadosyasesores.com\/en\/wp-json\/wp\/v2\/pages\/527","targetHints":{"allow":["GET"]}}],"collection":[{"href":"https:\/\/aguirreabogadosyasesores.com\/en\/wp-json\/wp\/v2\/pages"}],"about":[{"href":"https:\/\/aguirreabogadosyasesores.com\/en\/wp-json\/wp\/v2\/types\/page"}],"author":[{"embeddable":true,"href":"https:\/\/aguirreabogadosyasesores.com\/en\/wp-json\/wp\/v2\/users\/1"}],"replies":[{"embeddable":true,"href":"https:\/\/aguirreabogadosyasesores.com\/en\/wp-json\/wp\/v2\/comments?post=527"}],"version-history":[{"count":0,"href":"https:\/\/aguirreabogadosyasesores.com\/en\/wp-json\/wp\/v2\/pages\/527\/revisions"}],"wp:attachment":[{"href":"https:\/\/aguirreabogadosyasesores.com\/en\/wp-json\/wp\/v2\/media?parent=527"}],"curies":[{"name":"wp","href":"https:\/\/api.w.org\/{rel}","templated":true}]}}