{"id":532,"date":"2025-07-21T21:36:54","date_gmt":"2025-07-21T21:36:54","guid":{"rendered":"https:\/\/aguirreabogadosyasesores.com\/?page_id=532"},"modified":"2025-07-26T03:53:18","modified_gmt":"2025-07-26T03:53:18","slug":"derecho-tributario","status":"publish","type":"page","link":"https:\/\/aguirreabogadosyasesores.com\/en\/derecho-tributario\/","title":{"rendered":"Tax"},"content":{"rendered":"<div data-elementor-type=\"wp-page\" data-elementor-id=\"532\" class=\"elementor elementor-532\" data-elementor-post-type=\"page\">\n\t\t\t\t<div class=\"elementor-element elementor-element-a5829d7 e-flex e-con-boxed e-con e-parent\" data-id=\"a5829d7\" data-element_type=\"container\" data-settings=\"{&quot;background_background&quot;:&quot;classic&quot;}\">\n\t\t\t\t\t<div class=\"e-con-inner\">\n\t\t\t\t<div class=\"elementor-element elementor-element-b57d5b0 elementor-widget elementor-widget-spacer\" data-id=\"b57d5b0\" data-element_type=\"widget\" data-widget_type=\"spacer.default\">\n\t\t\t\t\t\t\t<div class=\"elementor-spacer\">\n\t\t\t<div class=\"elementor-spacer-inner\"><\/div>\n\t\t<\/div>\n\t\t\t\t\t\t<\/div>\n\t\t\t\t\t<\/div>\n\t\t\t\t<\/div>\n\t\t<div class=\"elementor-element elementor-element-27c81ed e-flex e-con-boxed e-con e-parent\" data-id=\"27c81ed\" data-element_type=\"container\">\n\t\t\t\t\t<div class=\"e-con-inner\">\n\t\t\t\t<div class=\"elementor-element elementor-element-c961965 elementor-widget elementor-widget-spacer\" data-id=\"c961965\" data-element_type=\"widget\" data-widget_type=\"spacer.default\">\n\t\t\t\t\t\t\t<div class=\"elementor-spacer\">\n\t\t\t<div class=\"elementor-spacer-inner\"><\/div>\n\t\t<\/div>\n\t\t\t\t\t\t<\/div>\n\t\t\t\t\t<\/div>\n\t\t\t\t<\/div>\n\t\t<div class=\"elementor-element elementor-element-416a288 e-flex e-con-boxed e-con e-parent\" data-id=\"416a288\" data-element_type=\"container\">\n\t\t\t\t\t<div class=\"e-con-inner\">\n\t\t\t\t<div class=\"elementor-element elementor-element-0e9f870 elementor-widget elementor-widget-heading\" data-id=\"0e9f870\" data-element_type=\"widget\" data-widget_type=\"heading.default\">\n\t\t\t\t\t<h2 class=\"elementor-heading-title elementor-size-default\">Tax<\/h2>\t\t\t\t<\/div>\n\t\t\t\t\t<\/div>\n\t\t\t\t<\/div>\n\t\t<div class=\"elementor-element elementor-element-21501a8 e-flex e-con-boxed e-con e-parent\" data-id=\"21501a8\" data-element_type=\"container\">\n\t\t\t\t\t<div class=\"e-con-inner\">\n\t\t\t\t<div class=\"elementor-element elementor-element-fa396b6 elementor-widget elementor-widget-spacer\" data-id=\"fa396b6\" data-element_type=\"widget\" data-widget_type=\"spacer.default\">\n\t\t\t\t\t\t\t<div class=\"elementor-spacer\">\n\t\t\t<div class=\"elementor-spacer-inner\"><\/div>\n\t\t<\/div>\n\t\t\t\t\t\t<\/div>\n\t\t\t\t\t<\/div>\n\t\t\t\t<\/div>\n\t\t<div class=\"elementor-element elementor-element-06b7aa0 e-flex e-con-boxed e-con e-parent\" data-id=\"06b7aa0\" data-element_type=\"container\">\n\t\t\t\t\t<div class=\"e-con-inner\">\n\t\t\t\t<div class=\"elementor-element elementor-element-bf2f008 elementor-widget elementor-widget-text-editor\" data-id=\"bf2f008\" data-element_type=\"widget\" data-widget_type=\"text-editor.default\">\n\t\t\t\t\t\t\t\t\t<p>Permanent and specialized tax advice, according to the specific\nactivity of the Company, including general or specific aspects related\nto Income Tax, Value Added Tax, Local Taxes, Customs, Special\nRegimes, Stability Agreements, among other issues.<\/p><p>Likewise, we perform tax trade planning, as well as legal assistance in\nfiscalization procedures and tax disputes.<\/p>\t\t\t\t\t\t\t\t<\/div>\n\t\t\t\t\t<\/div>\n\t\t\t\t<\/div>\n\t\t<div class=\"elementor-element elementor-element-c4e07e0 e-flex e-con-boxed e-con e-parent\" data-id=\"c4e07e0\" data-element_type=\"container\">\n\t\t\t\t\t<div class=\"e-con-inner\">\n\t\t\t\t<div class=\"elementor-element elementor-element-602dd1b elementor-widget-divider--view-line elementor-widget elementor-widget-divider\" data-id=\"602dd1b\" data-element_type=\"widget\" data-widget_type=\"divider.default\">\n\t\t\t\t\t\t\t<div class=\"elementor-divider\">\n\t\t\t<span class=\"elementor-divider-separator\">\n\t\t\t\t\t\t<\/span>\n\t\t<\/div>\n\t\t\t\t\t\t<\/div>\n\t\t\t\t\t<\/div>\n\t\t\t\t<\/div>\n\t\t\t\t<\/div>","protected":false},"excerpt":{"rendered":"<p>Derecho Tributario Consultor\u00eda tributaria especializada de acuerdo con las actividades propias de la Compa\u00f1\u00eda referidas al Impuesto a la Renta, al Impuesto General a las Ventas, al Impuesto a las Transacciones Financieras, a los Impuestos Municipales, reg\u00edmenes especiales, entre otros. De igual modo, realizamos planeamiento tributario transaccional y asistencia en procesos de fiscalizaci\u00f3n ante la [&hellip;]<\/p>","protected":false},"author":1,"featured_media":0,"parent":0,"menu_order":0,"comment_status":"closed","ping_status":"closed","template":"elementor_header_footer","meta":{"footnotes":""},"class_list":["post-532","page","type-page","status-publish","hentry"],"rttpg_featured_image_url":null,"rttpg_author":{"display_name":"admin","author_link":"https:\/\/aguirreabogadosyasesores.com\/en\/author\/admin_2025\/"},"rttpg_comment":0,"rttpg_category":null,"rttpg_excerpt":"Derecho Tributario Consultor\u00eda tributaria especializada de acuerdo con las actividades propias de la Compa\u00f1\u00eda referidas al Impuesto a la Renta, al Impuesto General a las Ventas, al Impuesto a las Transacciones Financieras, a los Impuestos Municipales, reg\u00edmenes especiales, entre otros. De igual modo, realizamos planeamiento tributario transaccional y asistencia en procesos de fiscalizaci\u00f3n ante la&hellip;","_links":{"self":[{"href":"https:\/\/aguirreabogadosyasesores.com\/en\/wp-json\/wp\/v2\/pages\/532","targetHints":{"allow":["GET"]}}],"collection":[{"href":"https:\/\/aguirreabogadosyasesores.com\/en\/wp-json\/wp\/v2\/pages"}],"about":[{"href":"https:\/\/aguirreabogadosyasesores.com\/en\/wp-json\/wp\/v2\/types\/page"}],"author":[{"embeddable":true,"href":"https:\/\/aguirreabogadosyasesores.com\/en\/wp-json\/wp\/v2\/users\/1"}],"replies":[{"embeddable":true,"href":"https:\/\/aguirreabogadosyasesores.com\/en\/wp-json\/wp\/v2\/comments?post=532"}],"version-history":[{"count":0,"href":"https:\/\/aguirreabogadosyasesores.com\/en\/wp-json\/wp\/v2\/pages\/532\/revisions"}],"wp:attachment":[{"href":"https:\/\/aguirreabogadosyasesores.com\/en\/wp-json\/wp\/v2\/media?parent=532"}],"curies":[{"name":"wp","href":"https:\/\/api.w.org\/{rel}","templated":true}]}}