{"id":537,"date":"2025-07-21T21:39:18","date_gmt":"2025-07-21T21:39:18","guid":{"rendered":"https:\/\/aguirreabogadosyasesores.com\/?page_id=537"},"modified":"2025-07-26T03:58:02","modified_gmt":"2025-07-26T03:58:02","slug":"derecho-contractual","status":"publish","type":"page","link":"https:\/\/aguirreabogadosyasesores.com\/en\/derecho-contractual\/","title":{"rendered":"Contracts"},"content":{"rendered":"<div data-elementor-type=\"wp-page\" data-elementor-id=\"537\" class=\"elementor elementor-537\" data-elementor-post-type=\"page\">\n\t\t\t\t<div class=\"elementor-element elementor-element-f3c6368 e-flex e-con-boxed e-con e-parent\" data-id=\"f3c6368\" data-element_type=\"container\" data-settings=\"{&quot;background_background&quot;:&quot;classic&quot;}\">\n\t\t\t\t\t<div class=\"e-con-inner\">\n\t\t\t\t<div class=\"elementor-element elementor-element-3d28fac elementor-widget elementor-widget-spacer\" data-id=\"3d28fac\" data-element_type=\"widget\" data-widget_type=\"spacer.default\">\n\t\t\t\t\t\t\t<div class=\"elementor-spacer\">\n\t\t\t<div class=\"elementor-spacer-inner\"><\/div>\n\t\t<\/div>\n\t\t\t\t\t\t<\/div>\n\t\t\t\t\t<\/div>\n\t\t\t\t<\/div>\n\t\t<div class=\"elementor-element elementor-element-dedc9e2 e-flex e-con-boxed e-con e-parent\" data-id=\"dedc9e2\" data-element_type=\"container\">\n\t\t\t\t\t<div class=\"e-con-inner\">\n\t\t\t\t<div class=\"elementor-element elementor-element-8585c92 elementor-widget elementor-widget-spacer\" data-id=\"8585c92\" data-element_type=\"widget\" data-widget_type=\"spacer.default\">\n\t\t\t\t\t\t\t<div class=\"elementor-spacer\">\n\t\t\t<div class=\"elementor-spacer-inner\"><\/div>\n\t\t<\/div>\n\t\t\t\t\t\t<\/div>\n\t\t\t\t\t<\/div>\n\t\t\t\t<\/div>\n\t\t<div class=\"elementor-element elementor-element-0125d1d e-flex e-con-boxed e-con e-parent\" data-id=\"0125d1d\" data-element_type=\"container\">\n\t\t\t\t\t<div class=\"e-con-inner\">\n\t\t\t\t<div class=\"elementor-element elementor-element-4eb9184 elementor-widget elementor-widget-heading\" data-id=\"4eb9184\" data-element_type=\"widget\" data-widget_type=\"heading.default\">\n\t\t\t\t\t<h2 class=\"elementor-heading-title elementor-size-default\">Contracts<\/h2>\t\t\t\t<\/div>\n\t\t\t\t\t<\/div>\n\t\t\t\t<\/div>\n\t\t<div class=\"elementor-element elementor-element-9029d1a e-flex e-con-boxed e-con e-parent\" data-id=\"9029d1a\" data-element_type=\"container\">\n\t\t\t\t\t<div class=\"e-con-inner\">\n\t\t\t\t<div class=\"elementor-element elementor-element-e66250f elementor-widget elementor-widget-spacer\" data-id=\"e66250f\" data-element_type=\"widget\" data-widget_type=\"spacer.default\">\n\t\t\t\t\t\t\t<div class=\"elementor-spacer\">\n\t\t\t<div class=\"elementor-spacer-inner\"><\/div>\n\t\t<\/div>\n\t\t\t\t\t\t<\/div>\n\t\t\t\t\t<\/div>\n\t\t\t\t<\/div>\n\t\t<div class=\"elementor-element elementor-element-b08120b e-flex e-con-boxed e-con e-parent\" data-id=\"b08120b\" data-element_type=\"container\">\n\t\t\t\t\t<div class=\"e-con-inner\">\n\t\t\t\t<div class=\"elementor-element elementor-element-e8328aa elementor-widget elementor-widget-text-editor\" data-id=\"e8328aa\" data-element_type=\"widget\" data-widget_type=\"text-editor.default\">\n\t\t\t\t\t\t\t\t\t<p>Our services include designing, drafting and negotiation of any kind of\ncivil and commercial agreements, such as, loans, lease, leasing, lease \u2013\nback, factoring, guarantees, mortgages, services, supply, trust, among\nothers.<\/p><p>We also render advice regarding the analysis of property rights and real\nestate projects.<\/p>\t\t\t\t\t\t\t\t<\/div>\n\t\t\t\t\t<\/div>\n\t\t\t\t<\/div>\n\t\t<div class=\"elementor-element elementor-element-6978d24 e-flex e-con-boxed e-con e-parent\" data-id=\"6978d24\" data-element_type=\"container\">\n\t\t\t\t\t<div class=\"e-con-inner\">\n\t\t\t\t<div class=\"elementor-element elementor-element-11394db elementor-widget-divider--view-line elementor-widget elementor-widget-divider\" data-id=\"11394db\" data-element_type=\"widget\" data-widget_type=\"divider.default\">\n\t\t\t\t\t\t\t<div class=\"elementor-divider\">\n\t\t\t<span class=\"elementor-divider-separator\">\n\t\t\t\t\t\t<\/span>\n\t\t<\/div>\n\t\t\t\t\t\t<\/div>\n\t\t\t\t\t<\/div>\n\t\t\t\t<\/div>\n\t\t\t\t<\/div>","protected":false},"excerpt":{"rendered":"<p>Derecho Contractual Nuestros servicios incluyen asesor\u00eda en la estructuraci\u00f3n, elaboraci\u00f3n y negociaci\u00f3n de toda clase de contratos civiles y mercantiles tales como mutuos, leasing, lease-back, factoring, otorgamiento de garant\u00edas hipotecarias y mobiliarias, compraventa, arrendamiento, suministro, locaci\u00f3n de servicios, constituci\u00f3n de derecho de superficie, usufructo, entre otros. Asimismo, brindamos asesor\u00eda en el estudio de t\u00edtulos, saneamiento [&hellip;]<\/p>","protected":false},"author":1,"featured_media":0,"parent":0,"menu_order":0,"comment_status":"closed","ping_status":"closed","template":"elementor_header_footer","meta":{"footnotes":""},"class_list":["post-537","page","type-page","status-publish","hentry"],"rttpg_featured_image_url":null,"rttpg_author":{"display_name":"admin","author_link":"https:\/\/aguirreabogadosyasesores.com\/en\/author\/admin_2025\/"},"rttpg_comment":0,"rttpg_category":null,"rttpg_excerpt":"Derecho Contractual Nuestros servicios incluyen asesor\u00eda en la estructuraci\u00f3n, elaboraci\u00f3n y negociaci\u00f3n de toda clase de contratos civiles y mercantiles tales como mutuos, leasing, lease-back, factoring, otorgamiento de garant\u00edas hipotecarias y mobiliarias, compraventa, arrendamiento, suministro, locaci\u00f3n de servicios, constituci\u00f3n de derecho de superficie, usufructo, entre otros. Asimismo, brindamos asesor\u00eda en el estudio de t\u00edtulos, saneamiento&hellip;","_links":{"self":[{"href":"https:\/\/aguirreabogadosyasesores.com\/en\/wp-json\/wp\/v2\/pages\/537","targetHints":{"allow":["GET"]}}],"collection":[{"href":"https:\/\/aguirreabogadosyasesores.com\/en\/wp-json\/wp\/v2\/pages"}],"about":[{"href":"https:\/\/aguirreabogadosyasesores.com\/en\/wp-json\/wp\/v2\/types\/page"}],"author":[{"embeddable":true,"href":"https:\/\/aguirreabogadosyasesores.com\/en\/wp-json\/wp\/v2\/users\/1"}],"replies":[{"embeddable":true,"href":"https:\/\/aguirreabogadosyasesores.com\/en\/wp-json\/wp\/v2\/comments?post=537"}],"version-history":[{"count":0,"href":"https:\/\/aguirreabogadosyasesores.com\/en\/wp-json\/wp\/v2\/pages\/537\/revisions"}],"wp:attachment":[{"href":"https:\/\/aguirreabogadosyasesores.com\/en\/wp-json\/wp\/v2\/media?parent=537"}],"curies":[{"name":"wp","href":"https:\/\/api.w.org\/{rel}","templated":true}]}}