{"id":542,"date":"2025-07-21T21:41:29","date_gmt":"2025-07-21T21:41:29","guid":{"rendered":"https:\/\/aguirreabogadosyasesores.com\/?page_id=542"},"modified":"2025-07-26T03:53:56","modified_gmt":"2025-07-26T03:53:56","slug":"derecho-laboral-y-migratorio","status":"publish","type":"page","link":"https:\/\/aguirreabogadosyasesores.com\/en\/derecho-laboral-y-migratorio\/","title":{"rendered":"Labor and Migratory"},"content":{"rendered":"<div data-elementor-type=\"wp-page\" data-elementor-id=\"542\" class=\"elementor elementor-542\" data-elementor-post-type=\"page\">\n\t\t\t\t<div class=\"elementor-element elementor-element-27501f9 e-flex e-con-boxed e-con e-parent\" data-id=\"27501f9\" data-element_type=\"container\" data-settings=\"{&quot;background_background&quot;:&quot;classic&quot;}\">\n\t\t\t\t\t<div class=\"e-con-inner\">\n\t\t\t\t<div class=\"elementor-element elementor-element-343864b elementor-widget elementor-widget-spacer\" data-id=\"343864b\" data-element_type=\"widget\" data-widget_type=\"spacer.default\">\n\t\t\t\t\t\t\t<div class=\"elementor-spacer\">\n\t\t\t<div class=\"elementor-spacer-inner\"><\/div>\n\t\t<\/div>\n\t\t\t\t\t\t<\/div>\n\t\t\t\t\t<\/div>\n\t\t\t\t<\/div>\n\t\t<div class=\"elementor-element elementor-element-eb47ea4 e-flex e-con-boxed e-con e-parent\" data-id=\"eb47ea4\" data-element_type=\"container\">\n\t\t\t\t\t<div class=\"e-con-inner\">\n\t\t\t\t<div class=\"elementor-element elementor-element-285bdbd elementor-widget elementor-widget-spacer\" data-id=\"285bdbd\" data-element_type=\"widget\" data-widget_type=\"spacer.default\">\n\t\t\t\t\t\t\t<div class=\"elementor-spacer\">\n\t\t\t<div class=\"elementor-spacer-inner\"><\/div>\n\t\t<\/div>\n\t\t\t\t\t\t<\/div>\n\t\t\t\t\t<\/div>\n\t\t\t\t<\/div>\n\t\t<div class=\"elementor-element elementor-element-2ddbcdb e-flex e-con-boxed e-con e-parent\" data-id=\"2ddbcdb\" data-element_type=\"container\">\n\t\t\t\t\t<div class=\"e-con-inner\">\n\t\t\t\t<div class=\"elementor-element elementor-element-f3a8360 elementor-widget elementor-widget-heading\" data-id=\"f3a8360\" data-element_type=\"widget\" data-widget_type=\"heading.default\">\n\t\t\t\t\t<h2 class=\"elementor-heading-title elementor-size-default\">Labor and Migratory<\/h2>\t\t\t\t<\/div>\n\t\t\t\t\t<\/div>\n\t\t\t\t<\/div>\n\t\t<div class=\"elementor-element elementor-element-4c32e72 e-flex e-con-boxed e-con e-parent\" data-id=\"4c32e72\" data-element_type=\"container\">\n\t\t\t\t\t<div class=\"e-con-inner\">\n\t\t\t\t<div class=\"elementor-element elementor-element-26ffae8 elementor-widget elementor-widget-spacer\" data-id=\"26ffae8\" data-element_type=\"widget\" data-widget_type=\"spacer.default\">\n\t\t\t\t\t\t\t<div class=\"elementor-spacer\">\n\t\t\t<div class=\"elementor-spacer-inner\"><\/div>\n\t\t<\/div>\n\t\t\t\t\t\t<\/div>\n\t\t\t\t\t<\/div>\n\t\t\t\t<\/div>\n\t\t<div class=\"elementor-element elementor-element-4fc9232 e-flex e-con-boxed e-con e-parent\" data-id=\"4fc9232\" data-element_type=\"container\">\n\t\t\t\t\t<div class=\"e-con-inner\">\n\t\t\t\t<div class=\"elementor-element elementor-element-95ce924 elementor-widget elementor-widget-text-editor\" data-id=\"95ce924\" data-element_type=\"widget\" data-widget_type=\"text-editor.default\">\n\t\t\t\t\t\t\t\t\t<p>We offer counseling in labor planning in aspects of hiring and\noptimization of the payroll and its implementation, both for national\nand foreign workers, applying labor standards and main jurisprudence\nregarding the treatment and payment of social benefits, Occupational\nHealth and Safety, equal pay, prevention of sexual and labor\nharassment, among other aspects.<\/p><p>We advise on the design and implementation of compensation plans,\noutsourcing of activities (outsourcing and labor intermediation), union\nissues and collective bargaining.<\/p><p>We are also in charge of determining the level of compliance with the\ncompany's labor obligations, in order to determine potential\ncontingencies and establish preventive policies before eventual\ninspections by the Labor Authority (SUNAFIL).<\/p>\t\t\t\t\t\t\t\t<\/div>\n\t\t\t\t\t<\/div>\n\t\t\t\t<\/div>\n\t\t<div class=\"elementor-element elementor-element-4aec8c4 e-flex e-con-boxed e-con e-parent\" data-id=\"4aec8c4\" data-element_type=\"container\">\n\t\t\t\t\t<div class=\"e-con-inner\">\n\t\t\t\t<div class=\"elementor-element elementor-element-880a887 elementor-widget-divider--view-line elementor-widget elementor-widget-divider\" data-id=\"880a887\" data-element_type=\"widget\" data-widget_type=\"divider.default\">\n\t\t\t\t\t\t\t<div class=\"elementor-divider\">\n\t\t\t<span class=\"elementor-divider-separator\">\n\t\t\t\t\t\t<\/span>\n\t\t<\/div>\n\t\t\t\t\t\t<\/div>\n\t\t\t\t\t<\/div>\n\t\t\t\t<\/div>\n\t\t\t\t<\/div>","protected":false},"excerpt":{"rendered":"<p>Derecho Laboral y Migratorio Nuestra asesor\u00eda incluye el planeamiento laboral en aspectos de contrataci\u00f3n y optimizaci\u00f3n de la planilla de remuneraciones y su implementaci\u00f3n, tanto para trabajadores nacionales como extranjeros, aplicando las normas laborales y principal jurisprudencia respecto al tratamiento y abono de beneficios sociales, Seguridad y Salud en el Trabajo (SST), igualdad remunerativa, prevenci\u00f3n [&hellip;]<\/p>","protected":false},"author":1,"featured_media":0,"parent":0,"menu_order":0,"comment_status":"closed","ping_status":"closed","template":"elementor_header_footer","meta":{"footnotes":""},"class_list":["post-542","page","type-page","status-publish","hentry"],"rttpg_featured_image_url":null,"rttpg_author":{"display_name":"admin","author_link":"https:\/\/aguirreabogadosyasesores.com\/en\/author\/admin_2025\/"},"rttpg_comment":0,"rttpg_category":null,"rttpg_excerpt":"Derecho Laboral y Migratorio Nuestra asesor\u00eda incluye el planeamiento laboral en aspectos de contrataci\u00f3n y optimizaci\u00f3n de la planilla de remuneraciones y su implementaci\u00f3n, tanto para trabajadores nacionales como extranjeros, aplicando las normas laborales y principal jurisprudencia respecto al tratamiento y abono de beneficios sociales, Seguridad y Salud en el Trabajo (SST), igualdad remunerativa, prevenci\u00f3n&hellip;","_links":{"self":[{"href":"https:\/\/aguirreabogadosyasesores.com\/en\/wp-json\/wp\/v2\/pages\/542","targetHints":{"allow":["GET"]}}],"collection":[{"href":"https:\/\/aguirreabogadosyasesores.com\/en\/wp-json\/wp\/v2\/pages"}],"about":[{"href":"https:\/\/aguirreabogadosyasesores.com\/en\/wp-json\/wp\/v2\/types\/page"}],"author":[{"embeddable":true,"href":"https:\/\/aguirreabogadosyasesores.com\/en\/wp-json\/wp\/v2\/users\/1"}],"replies":[{"embeddable":true,"href":"https:\/\/aguirreabogadosyasesores.com\/en\/wp-json\/wp\/v2\/comments?post=542"}],"version-history":[{"count":0,"href":"https:\/\/aguirreabogadosyasesores.com\/en\/wp-json\/wp\/v2\/pages\/542\/revisions"}],"wp:attachment":[{"href":"https:\/\/aguirreabogadosyasesores.com\/en\/wp-json\/wp\/v2\/media?parent=542"}],"curies":[{"name":"wp","href":"https:\/\/api.w.org\/{rel}","templated":true}]}}