{"id":548,"date":"2025-07-21T21:44:38","date_gmt":"2025-07-21T21:44:38","guid":{"rendered":"https:\/\/aguirreabogadosyasesores.com\/?page_id=548"},"modified":"2025-07-26T03:54:30","modified_gmt":"2025-07-26T03:54:30","slug":"propiedad-intelectual-proteccion-al-consumidor-y-competencia-desleal","status":"publish","type":"page","link":"https:\/\/aguirreabogadosyasesores.com\/en\/propiedad-intelectual-proteccion-al-consumidor-y-competencia-desleal\/","title":{"rendered":"Intellectual Property, Consumer\nProtection and Antitrust Law"},"content":{"rendered":"<div data-elementor-type=\"wp-page\" data-elementor-id=\"548\" class=\"elementor elementor-548\" data-elementor-post-type=\"page\">\n\t\t\t\t<div class=\"elementor-element elementor-element-64adb9d e-flex e-con-boxed e-con e-parent\" data-id=\"64adb9d\" data-element_type=\"container\" data-settings=\"{&quot;background_background&quot;:&quot;classic&quot;}\">\n\t\t\t\t\t<div class=\"e-con-inner\">\n\t\t\t\t<div class=\"elementor-element elementor-element-97232d1 elementor-widget elementor-widget-spacer\" data-id=\"97232d1\" data-element_type=\"widget\" data-widget_type=\"spacer.default\">\n\t\t\t\t\t\t\t<div class=\"elementor-spacer\">\n\t\t\t<div class=\"elementor-spacer-inner\"><\/div>\n\t\t<\/div>\n\t\t\t\t\t\t<\/div>\n\t\t\t\t\t<\/div>\n\t\t\t\t<\/div>\n\t\t<div class=\"elementor-element elementor-element-0d67cb4 e-flex e-con-boxed e-con e-parent\" data-id=\"0d67cb4\" data-element_type=\"container\">\n\t\t\t\t\t<div class=\"e-con-inner\">\n\t\t\t\t<div class=\"elementor-element elementor-element-32830ed elementor-widget elementor-widget-spacer\" data-id=\"32830ed\" data-element_type=\"widget\" data-widget_type=\"spacer.default\">\n\t\t\t\t\t\t\t<div class=\"elementor-spacer\">\n\t\t\t<div class=\"elementor-spacer-inner\"><\/div>\n\t\t<\/div>\n\t\t\t\t\t\t<\/div>\n\t\t\t\t\t<\/div>\n\t\t\t\t<\/div>\n\t\t<div class=\"elementor-element elementor-element-ac51985 e-flex e-con-boxed e-con e-parent\" data-id=\"ac51985\" data-element_type=\"container\">\n\t\t\t\t\t<div class=\"e-con-inner\">\n\t\t\t\t<div class=\"elementor-element elementor-element-9cccfb0 elementor-widget elementor-widget-heading\" data-id=\"9cccfb0\" data-element_type=\"widget\" data-widget_type=\"heading.default\">\n\t\t\t\t\t<h2 class=\"elementor-heading-title elementor-size-default\">Intellectual Property, Consumer\nProtection and Antitrust Law<\/h2>\t\t\t\t<\/div>\n\t\t\t\t\t<\/div>\n\t\t\t\t<\/div>\n\t\t<div class=\"elementor-element elementor-element-98d38fc e-flex e-con-boxed e-con e-parent\" data-id=\"98d38fc\" data-element_type=\"container\">\n\t\t\t\t\t<div class=\"e-con-inner\">\n\t\t\t\t<div class=\"elementor-element elementor-element-a781cdb elementor-widget elementor-widget-spacer\" data-id=\"a781cdb\" data-element_type=\"widget\" data-widget_type=\"spacer.default\">\n\t\t\t\t\t\t\t<div class=\"elementor-spacer\">\n\t\t\t<div class=\"elementor-spacer-inner\"><\/div>\n\t\t<\/div>\n\t\t\t\t\t\t<\/div>\n\t\t\t\t\t<\/div>\n\t\t\t\t<\/div>\n\t\t<div class=\"elementor-element elementor-element-f36d31a e-flex e-con-boxed e-con e-parent\" data-id=\"f36d31a\" data-element_type=\"container\">\n\t\t\t\t\t<div class=\"e-con-inner\">\n\t\t\t\t<div class=\"elementor-element elementor-element-6635342 elementor-widget elementor-widget-text-editor\" data-id=\"6635342\" data-element_type=\"widget\" data-widget_type=\"text-editor.default\">\n\t\t\t\t\t\t\t\t\t<p>We assist on the register and renewal, opposition and other\ninfringement actions on trademarks, names and commercial slogans,\nas well as author\u2019s rights defense in administrative proceedings before\nthe National Institute for the Defense of Competition and Protection of\nIntellectual Property (INDECOPI).<\/p><p>Our counseling includes legal advice in consumer protection both at a\npreventive consulting level as well as in the defense of proceedings\ninitiated by INDECOPI or at the request of a third party. We also provide\nlegal advice on acts of antitrust law.<\/p>\t\t\t\t\t\t\t\t<\/div>\n\t\t\t\t\t<\/div>\n\t\t\t\t<\/div>\n\t\t<div class=\"elementor-element elementor-element-20a7fc5 e-flex e-con-boxed e-con e-parent\" data-id=\"20a7fc5\" data-element_type=\"container\">\n\t\t\t\t\t<div class=\"e-con-inner\">\n\t\t\t\t<div class=\"elementor-element elementor-element-0a6a2c8 elementor-widget-divider--view-line elementor-widget elementor-widget-divider\" data-id=\"0a6a2c8\" data-element_type=\"widget\" data-widget_type=\"divider.default\">\n\t\t\t\t\t\t\t<div class=\"elementor-divider\">\n\t\t\t<span class=\"elementor-divider-separator\">\n\t\t\t\t\t\t<\/span>\n\t\t<\/div>\n\t\t\t\t\t\t<\/div>\n\t\t\t\t\t<\/div>\n\t\t\t\t<\/div>\n\t\t\t\t<\/div>","protected":false},"excerpt":{"rendered":"<p>Propiedad Intelectual, Protecci\u00f3n al Consumidor y Competencia Desleal Registro, renovaci\u00f3n, oposici\u00f3n y acciones de infracci\u00f3n de marcas, nombres y lemas comerciales y defensa de derechos de autor, as\u00ed como patrocinio legal en procedimientos administrativos ante el Instituto Nacional de Defensa de la Competencia y de la Protecci\u00f3n de la Propiedad Intelectual (INDECOPI). Asesor\u00eda especializada en [&hellip;]<\/p>","protected":false},"author":1,"featured_media":0,"parent":0,"menu_order":0,"comment_status":"closed","ping_status":"closed","template":"elementor_header_footer","meta":{"footnotes":""},"class_list":["post-548","page","type-page","status-publish","hentry"],"rttpg_featured_image_url":null,"rttpg_author":{"display_name":"admin","author_link":"https:\/\/aguirreabogadosyasesores.com\/en\/author\/admin_2025\/"},"rttpg_comment":0,"rttpg_category":null,"rttpg_excerpt":"Propiedad Intelectual, Protecci\u00f3n al Consumidor y Competencia Desleal Registro, renovaci\u00f3n, oposici\u00f3n y acciones de infracci\u00f3n de marcas, nombres y lemas comerciales y defensa de derechos de autor, as\u00ed como patrocinio legal en procedimientos administrativos ante el Instituto Nacional de Defensa de la Competencia y de la Protecci\u00f3n de la Propiedad Intelectual (INDECOPI). Asesor\u00eda especializada en&hellip;","_links":{"self":[{"href":"https:\/\/aguirreabogadosyasesores.com\/en\/wp-json\/wp\/v2\/pages\/548","targetHints":{"allow":["GET"]}}],"collection":[{"href":"https:\/\/aguirreabogadosyasesores.com\/en\/wp-json\/wp\/v2\/pages"}],"about":[{"href":"https:\/\/aguirreabogadosyasesores.com\/en\/wp-json\/wp\/v2\/types\/page"}],"author":[{"embeddable":true,"href":"https:\/\/aguirreabogadosyasesores.com\/en\/wp-json\/wp\/v2\/users\/1"}],"replies":[{"embeddable":true,"href":"https:\/\/aguirreabogadosyasesores.com\/en\/wp-json\/wp\/v2\/comments?post=548"}],"version-history":[{"count":0,"href":"https:\/\/aguirreabogadosyasesores.com\/en\/wp-json\/wp\/v2\/pages\/548\/revisions"}],"wp:attachment":[{"href":"https:\/\/aguirreabogadosyasesores.com\/en\/wp-json\/wp\/v2\/media?parent=548"}],"curies":[{"name":"wp","href":"https:\/\/api.w.org\/{rel}","templated":true}]}}