{"id":556,"date":"2025-07-21T21:47:39","date_gmt":"2025-07-21T21:47:39","guid":{"rendered":"https:\/\/aguirreabogadosyasesores.com\/?page_id=556"},"modified":"2025-07-26T03:54:56","modified_gmt":"2025-07-26T03:54:56","slug":"proteccion-de-datos-personales-y-nuevas-tecnologias","status":"publish","type":"page","link":"https:\/\/aguirreabogadosyasesores.com\/en\/proteccion-de-datos-personales-y-nuevas-tecnologias\/","title":{"rendered":"Personal Data Protection and\nNew Technologies"},"content":{"rendered":"<div data-elementor-type=\"wp-page\" data-elementor-id=\"556\" class=\"elementor elementor-556\" data-elementor-post-type=\"page\">\n\t\t\t\t<div class=\"elementor-element elementor-element-7cb4f17 e-flex e-con-boxed e-con e-parent\" data-id=\"7cb4f17\" data-element_type=\"container\" data-settings=\"{&quot;background_background&quot;:&quot;classic&quot;}\">\n\t\t\t\t\t<div class=\"e-con-inner\">\n\t\t\t\t<div class=\"elementor-element elementor-element-c7a05e4 elementor-widget elementor-widget-spacer\" data-id=\"c7a05e4\" data-element_type=\"widget\" data-widget_type=\"spacer.default\">\n\t\t\t\t\t\t\t<div class=\"elementor-spacer\">\n\t\t\t<div class=\"elementor-spacer-inner\"><\/div>\n\t\t<\/div>\n\t\t\t\t\t\t<\/div>\n\t\t\t\t\t<\/div>\n\t\t\t\t<\/div>\n\t\t<div class=\"elementor-element elementor-element-b131f00 e-flex e-con-boxed e-con e-parent\" data-id=\"b131f00\" data-element_type=\"container\">\n\t\t\t\t\t<div class=\"e-con-inner\">\n\t\t\t\t<div class=\"elementor-element elementor-element-52667e9 elementor-widget elementor-widget-spacer\" data-id=\"52667e9\" data-element_type=\"widget\" data-widget_type=\"spacer.default\">\n\t\t\t\t\t\t\t<div class=\"elementor-spacer\">\n\t\t\t<div class=\"elementor-spacer-inner\"><\/div>\n\t\t<\/div>\n\t\t\t\t\t\t<\/div>\n\t\t\t\t\t<\/div>\n\t\t\t\t<\/div>\n\t\t<div class=\"elementor-element elementor-element-36bf950 e-flex e-con-boxed e-con e-parent\" data-id=\"36bf950\" data-element_type=\"container\">\n\t\t\t\t\t<div class=\"e-con-inner\">\n\t\t\t\t<div class=\"elementor-element elementor-element-fbb6be5 elementor-widget elementor-widget-heading\" data-id=\"fbb6be5\" data-element_type=\"widget\" data-widget_type=\"heading.default\">\n\t\t\t\t\t<h2 class=\"elementor-heading-title elementor-size-default\">Personal Data Protection and\nNew Technologies<\/h2>\t\t\t\t<\/div>\n\t\t\t\t\t<\/div>\n\t\t\t\t<\/div>\n\t\t<div class=\"elementor-element elementor-element-ae5087f e-flex e-con-boxed e-con e-parent\" data-id=\"ae5087f\" data-element_type=\"container\">\n\t\t\t\t\t<div class=\"e-con-inner\">\n\t\t\t\t<div class=\"elementor-element elementor-element-381d347 elementor-widget elementor-widget-spacer\" data-id=\"381d347\" data-element_type=\"widget\" data-widget_type=\"spacer.default\">\n\t\t\t\t\t\t\t<div class=\"elementor-spacer\">\n\t\t\t<div class=\"elementor-spacer-inner\"><\/div>\n\t\t<\/div>\n\t\t\t\t\t\t<\/div>\n\t\t\t\t\t<\/div>\n\t\t\t\t<\/div>\n\t\t<div class=\"elementor-element elementor-element-cbbbd3d e-flex e-con-boxed e-con e-parent\" data-id=\"cbbbd3d\" data-element_type=\"container\">\n\t\t\t\t\t<div class=\"e-con-inner\">\n\t\t\t\t<div class=\"elementor-element elementor-element-b40f46c elementor-widget elementor-widget-text-editor\" data-id=\"b40f46c\" data-element_type=\"widget\" data-widget_type=\"text-editor.default\">\n\t\t\t\t\t\t\t\t\t<p>Advice to companies to comply with the regulatory framework of\nPersonal Data Protection, including training and workshops, drafting of\nreports, consent clauses for the collection of personal data through\ndifferent modalities, elaboration of personal data protection and\nconfidentiality clauses for contracts with third parties and labor\ncontracts.<\/p><p>Likewise, we provide advice on registration processes of personal data\nbanks, formulation of consultations and communication of\ncross-border flows before the National Authority for the Protection of\nPersonal Data, as well as advice on fiscalization procedures and\nsanctioning processes.<\/p>\t\t\t\t\t\t\t\t<\/div>\n\t\t\t\t\t<\/div>\n\t\t\t\t<\/div>\n\t\t<div class=\"elementor-element elementor-element-deb0489 e-flex e-con-boxed e-con e-parent\" data-id=\"deb0489\" data-element_type=\"container\">\n\t\t\t\t\t<div class=\"e-con-inner\">\n\t\t\t\t<div class=\"elementor-element elementor-element-65ef953 elementor-widget-divider--view-line elementor-widget elementor-widget-divider\" data-id=\"65ef953\" data-element_type=\"widget\" data-widget_type=\"divider.default\">\n\t\t\t\t\t\t\t<div class=\"elementor-divider\">\n\t\t\t<span class=\"elementor-divider-separator\">\n\t\t\t\t\t\t<\/span>\n\t\t<\/div>\n\t\t\t\t\t\t<\/div>\n\t\t\t\t\t<\/div>\n\t\t\t\t<\/div>\n\t\t\t\t<\/div>","protected":false},"excerpt":{"rendered":"<p>Protecci\u00f3n de Datos Personales y Nuevas Tecnolog\u00edas Asesor\u00eda a las empresas para cumplir con el marco normativo de Protecci\u00f3n de Datos Personales, incluyendo capacitaci\u00f3n y talleres, elaboraci\u00f3n de informes, cl\u00e1usulas de consentimiento para la recopilaci\u00f3n de datos personales a trav\u00e9s de distintas modalidades, elaboraci\u00f3n de cl\u00e1usulas de protecci\u00f3n de datos personales y confidencialidad para contratos [&hellip;]<\/p>","protected":false},"author":1,"featured_media":0,"parent":0,"menu_order":0,"comment_status":"closed","ping_status":"closed","template":"elementor_header_footer","meta":{"footnotes":""},"class_list":["post-556","page","type-page","status-publish","hentry"],"rttpg_featured_image_url":null,"rttpg_author":{"display_name":"admin","author_link":"https:\/\/aguirreabogadosyasesores.com\/en\/author\/admin_2025\/"},"rttpg_comment":0,"rttpg_category":null,"rttpg_excerpt":"Protecci\u00f3n de Datos Personales y Nuevas Tecnolog\u00edas Asesor\u00eda a las empresas para cumplir con el marco normativo de Protecci\u00f3n de Datos Personales, incluyendo capacitaci\u00f3n y talleres, elaboraci\u00f3n de informes, cl\u00e1usulas de consentimiento para la recopilaci\u00f3n de datos personales a trav\u00e9s de distintas modalidades, elaboraci\u00f3n de cl\u00e1usulas de protecci\u00f3n de datos personales y confidencialidad para contratos&hellip;","_links":{"self":[{"href":"https:\/\/aguirreabogadosyasesores.com\/en\/wp-json\/wp\/v2\/pages\/556","targetHints":{"allow":["GET"]}}],"collection":[{"href":"https:\/\/aguirreabogadosyasesores.com\/en\/wp-json\/wp\/v2\/pages"}],"about":[{"href":"https:\/\/aguirreabogadosyasesores.com\/en\/wp-json\/wp\/v2\/types\/page"}],"author":[{"embeddable":true,"href":"https:\/\/aguirreabogadosyasesores.com\/en\/wp-json\/wp\/v2\/users\/1"}],"replies":[{"embeddable":true,"href":"https:\/\/aguirreabogadosyasesores.com\/en\/wp-json\/wp\/v2\/comments?post=556"}],"version-history":[{"count":0,"href":"https:\/\/aguirreabogadosyasesores.com\/en\/wp-json\/wp\/v2\/pages\/556\/revisions"}],"wp:attachment":[{"href":"https:\/\/aguirreabogadosyasesores.com\/en\/wp-json\/wp\/v2\/media?parent=556"}],"curies":[{"name":"wp","href":"https:\/\/api.w.org\/{rel}","templated":true}]}}