{"id":561,"date":"2025-07-21T21:49:20","date_gmt":"2025-07-21T21:49:20","guid":{"rendered":"https:\/\/aguirreabogadosyasesores.com\/?page_id=561"},"modified":"2025-07-26T03:55:01","modified_gmt":"2025-07-26T03:55:01","slug":"litigios-y-controversias-corporativas","status":"publish","type":"page","link":"https:\/\/aguirreabogadosyasesores.com\/en\/litigios-y-controversias-corporativas\/","title":{"rendered":"Corporate Dispute Resolution"},"content":{"rendered":"<div data-elementor-type=\"wp-page\" data-elementor-id=\"561\" class=\"elementor elementor-561\" data-elementor-post-type=\"page\">\n\t\t\t\t<div class=\"elementor-element elementor-element-0a9097e e-flex e-con-boxed e-con e-parent\" data-id=\"0a9097e\" data-element_type=\"container\" data-settings=\"{&quot;background_background&quot;:&quot;classic&quot;}\">\n\t\t\t\t\t<div class=\"e-con-inner\">\n\t\t\t\t<div class=\"elementor-element elementor-element-a6d6f3d elementor-widget elementor-widget-spacer\" data-id=\"a6d6f3d\" data-element_type=\"widget\" data-widget_type=\"spacer.default\">\n\t\t\t\t\t\t\t<div class=\"elementor-spacer\">\n\t\t\t<div class=\"elementor-spacer-inner\"><\/div>\n\t\t<\/div>\n\t\t\t\t\t\t<\/div>\n\t\t\t\t\t<\/div>\n\t\t\t\t<\/div>\n\t\t<div class=\"elementor-element elementor-element-1cf95ba e-flex e-con-boxed e-con e-parent\" data-id=\"1cf95ba\" data-element_type=\"container\">\n\t\t\t\t\t<div class=\"e-con-inner\">\n\t\t\t\t<div class=\"elementor-element elementor-element-dbd9e10 elementor-widget elementor-widget-spacer\" data-id=\"dbd9e10\" data-element_type=\"widget\" data-widget_type=\"spacer.default\">\n\t\t\t\t\t\t\t<div class=\"elementor-spacer\">\n\t\t\t<div class=\"elementor-spacer-inner\"><\/div>\n\t\t<\/div>\n\t\t\t\t\t\t<\/div>\n\t\t\t\t\t<\/div>\n\t\t\t\t<\/div>\n\t\t<div class=\"elementor-element elementor-element-bd5af71 e-flex e-con-boxed e-con e-parent\" data-id=\"bd5af71\" data-element_type=\"container\">\n\t\t\t\t\t<div class=\"e-con-inner\">\n\t\t\t\t<div class=\"elementor-element elementor-element-97339f8 elementor-widget elementor-widget-heading\" data-id=\"97339f8\" data-element_type=\"widget\" data-widget_type=\"heading.default\">\n\t\t\t\t\t<h2 class=\"elementor-heading-title elementor-size-default\">Corporate Dispute Resolution\n<\/h2>\t\t\t\t<\/div>\n\t\t\t\t\t<\/div>\n\t\t\t\t<\/div>\n\t\t<div class=\"elementor-element elementor-element-f372351 e-flex e-con-boxed e-con e-parent\" data-id=\"f372351\" data-element_type=\"container\">\n\t\t\t\t\t<div class=\"e-con-inner\">\n\t\t\t\t<div class=\"elementor-element elementor-element-91bb751 elementor-widget elementor-widget-spacer\" data-id=\"91bb751\" data-element_type=\"widget\" data-widget_type=\"spacer.default\">\n\t\t\t\t\t\t\t<div class=\"elementor-spacer\">\n\t\t\t<div class=\"elementor-spacer-inner\"><\/div>\n\t\t<\/div>\n\t\t\t\t\t\t<\/div>\n\t\t\t\t\t<\/div>\n\t\t\t\t<\/div>\n\t\t<div class=\"elementor-element elementor-element-c20cb64 e-flex e-con-boxed e-con e-parent\" data-id=\"c20cb64\" data-element_type=\"container\">\n\t\t\t\t\t<div class=\"e-con-inner\">\n\t\t\t\t<div class=\"elementor-element elementor-element-9f713a5 elementor-widget elementor-widget-text-editor\" data-id=\"9f713a5\" data-element_type=\"widget\" data-widget_type=\"text-editor.default\">\n\t\t\t\t\t\t\t\t\t<p>We offer legal counseling in proceedings for civil, commercial, criminal,\nconstitutional and contentious-administrative issues, including\ncounseling in the field of Alternative Dispute Resolution - ADR.<\/p>\t\t\t\t\t\t\t\t<\/div>\n\t\t\t\t\t<\/div>\n\t\t\t\t<\/div>\n\t\t<div class=\"elementor-element elementor-element-dbe4766 e-flex e-con-boxed e-con e-parent\" data-id=\"dbe4766\" data-element_type=\"container\">\n\t\t\t\t\t<div class=\"e-con-inner\">\n\t\t\t\t<div class=\"elementor-element elementor-element-fa1b3aa elementor-widget-divider--view-line elementor-widget elementor-widget-divider\" data-id=\"fa1b3aa\" data-element_type=\"widget\" data-widget_type=\"divider.default\">\n\t\t\t\t\t\t\t<div class=\"elementor-divider\">\n\t\t\t<span class=\"elementor-divider-separator\">\n\t\t\t\t\t\t<\/span>\n\t\t<\/div>\n\t\t\t\t\t\t<\/div>\n\t\t\t\t\t<\/div>\n\t\t\t\t<\/div>\n\t\t\t\t<\/div>","protected":false},"excerpt":{"rendered":"<p>Litigios y Controversias Corporativas Brindamos asesor\u00eda en la soluci\u00f3n de conflictos, tanto a nivel judicial como a trav\u00e9s de los medios alternativos de soluci\u00f3n de controversias, incluyendo procedimientos administrativos, procesos civiles, comerciales, penales, constitucionales y contencioso-administrativos.<\/p>","protected":false},"author":1,"featured_media":0,"parent":0,"menu_order":0,"comment_status":"closed","ping_status":"closed","template":"elementor_header_footer","meta":{"footnotes":""},"class_list":["post-561","page","type-page","status-publish","hentry"],"rttpg_featured_image_url":null,"rttpg_author":{"display_name":"admin","author_link":"https:\/\/aguirreabogadosyasesores.com\/en\/author\/admin_2025\/"},"rttpg_comment":0,"rttpg_category":null,"rttpg_excerpt":"Litigios y Controversias Corporativas Brindamos asesor\u00eda en la soluci\u00f3n de conflictos, tanto a nivel judicial como a trav\u00e9s de los medios alternativos de soluci\u00f3n de controversias, incluyendo procedimientos administrativos, procesos civiles, comerciales, penales, constitucionales y contencioso-administrativos.","_links":{"self":[{"href":"https:\/\/aguirreabogadosyasesores.com\/en\/wp-json\/wp\/v2\/pages\/561","targetHints":{"allow":["GET"]}}],"collection":[{"href":"https:\/\/aguirreabogadosyasesores.com\/en\/wp-json\/wp\/v2\/pages"}],"about":[{"href":"https:\/\/aguirreabogadosyasesores.com\/en\/wp-json\/wp\/v2\/types\/page"}],"author":[{"embeddable":true,"href":"https:\/\/aguirreabogadosyasesores.com\/en\/wp-json\/wp\/v2\/users\/1"}],"replies":[{"embeddable":true,"href":"https:\/\/aguirreabogadosyasesores.com\/en\/wp-json\/wp\/v2\/comments?post=561"}],"version-history":[{"count":0,"href":"https:\/\/aguirreabogadosyasesores.com\/en\/wp-json\/wp\/v2\/pages\/561\/revisions"}],"wp:attachment":[{"href":"https:\/\/aguirreabogadosyasesores.com\/en\/wp-json\/wp\/v2\/media?parent=561"}],"curies":[{"name":"wp","href":"https:\/\/api.w.org\/{rel}","templated":true}]}}